{"id":1806,"date":"2024-02-19T16:37:21","date_gmt":"2024-02-19T16:37:21","guid":{"rendered":"https:\/\/eterniumconstructora.com\/?page_id=1806"},"modified":"2024-02-19T16:37:37","modified_gmt":"2024-02-19T16:37:37","slug":"protec","status":"publish","type":"page","link":"https:\/\/eterniumconstructora.com\/?page_id=1806","title":{"rendered":"Protec"},"content":{"rendered":"<div class=\"wpb-content-wrapper\"><p>[vc_row][vc_column][vc_single_image image=&#8221;1808&#8243; img_size=&#8221;full&#8221;][\/vc_column][\/vc_row][vc_row css=&#8221;.vc_custom_1708358810915{margin-top: 10px !important;}&#8221;][vc_column][vc_column_text]<\/p>\n<h1 style=\"text-align: center;\"><b>INTEGRACI\u00d3N DE SOLUCIONES EN SEGURIDAD<\/b><\/h1>\n<h2><\/h2>\n<h2 style=\"text-align: center;\"><strong>MISI\u00d3N<\/strong><\/h2>\n<h2 style=\"text-align: justify;\"><b><br \/>\n<\/b>Nuestra organizaci\u00f3n se especializa en dise\u00f1o, fabricaci\u00f3n, planificaci\u00f3n, provisi\u00f3n e instalaci\u00f3n llave en mano de sistemas integrados de alta seguridad, para la defensa de toda clase de instalaciones de la m\u00e1s diversa complejidad y escala, en entornos de contingencia potencial, elevado riesgo y prioridad cr\u00edtica<\/h2>\n<p>[\/vc_column_text][\/vc_column][\/vc_row][vc_row css=&#8221;.vc_custom_1708358798521{margin-top: 10px !important;}&#8221;][vc_column][vc_single_image image=&#8221;1809&#8243; img_size=&#8221;full&#8221;][\/vc_column][\/vc_row][vc_row][vc_column][vc_column_text css=&#8221;.vc_custom_1708359183833{margin-top: 50px !important;}&#8221;]<\/p>\n<h1 style=\"text-align: center;\"><strong>PORTAFOLIO DE SERVICIOS<\/strong><\/h1>\n<p>[\/vc_column_text][\/vc_column][\/vc_row][vc_row css=&#8221;.vc_custom_1708359203668{margin-top: 40px !important;}&#8221;][vc_column][vc_column_text]<\/p>\n<p style=\"text-align: center;\"><span style=\"color: #000000;\"><strong>SISTEMAS DE SEGURIDAD PERIMETRAL<\/strong><\/span><\/p>\n<p style=\"text-align: center;\"><span style=\"color: #000000;\"><b>Cerramientos el\u00e9ctricos de seguridad<\/b><\/span><\/p>\n<p style=\"text-align: center;\"><span style=\"color: #000000;\"><b>Cable Sensor<\/b><\/span><\/p>\n<p style=\"text-align: center;\"><span style=\"color: #000000;\"><b>SISTEMAS DE SEGURIDAD ELECTR\u00d3NICA <\/b><\/span><\/p>\n<p style=\"text-align: center;\"><span style=\"color: #000000;\"><b>Sistemas de alarmas<\/b><b> y monitoreo<\/b><\/span><\/p>\n<p style=\"text-align: center;\"><span style=\"color: #000000;\"><b> Circuitos cerrados de TV<\/b><\/span><\/p>\n<p style=\"text-align: center;\"><span style=\"color: #000000;\"><b>Cuartos de control<\/b><\/span><\/p>\n<p style=\"text-align: center;\"><span style=\"color: #000000;\"><b>Control de acceso<\/b><\/span><\/p>\n<p style=\"text-align: center;\"><span style=\"color: #000000;\"><b>Control de rondas<\/b><\/span><\/p>\n<p style=\"text-align: center;\"><span style=\"color: #000000;\"><b>Detecci\u00f3n y extinci\u00f3n de incendios<\/b><\/span><\/p>\n<p style=\"text-align: center;\"><span style=\"color: #000000;\"><b>SISTEMAS DE SEGURIDAD A PERSONAS Y EMPRESAS<\/b><\/span><\/p>\n<p style=\"text-align: center;\"><span style=\"color: #000000;\"><b>Poligraf\u00eda<\/b><\/span><\/p>\n<p style=\"text-align: center;\"><span style=\"color: #000000;\"><b>Procesos de selecci\u00f3n de personas seguras<\/b><\/span><\/p>\n<p style=\"text-align: center;\"><span style=\"color: #000000;\"><b>Verificaci\u00f3n de niveles en sistemas de seguridad<\/b><\/span><\/p>\n<p style=\"text-align: center;\"><span style=\"color: #000000;\"><b>SEDECOL: seguridad con guardas<\/b><\/span><\/p>\n<p style=\"text-align: center;\"><span style=\"color: #000000;\"><b>DEM\u00d3TICA: sistemas de hogar inteligente<\/b><\/span><\/p>\n<p style=\"text-align: center;\"><span style=\"color: #000000;\"><b>BUNKERS: cuartos blindados<\/b><\/span><\/p>\n<p style=\"text-align: center;\"><span style=\"color: #000000;\"><b>SEGURIDAD INFORM\u00c1TICA: sistemas de seguridad a la informaci\u00f3n<\/b><\/span><\/p>\n<p>[\/vc_column_text][\/vc_column][\/vc_row][vc_row][vc_column][vc_images_carousel images=&#8221;1810,1811,1812,1813,1814,1815,1816,1817,1818,1819&#8243; img_size=&#8221;full&#8221;][\/vc_column][\/vc_row]<\/p>\n<\/div>","protected":false},"excerpt":{"rendered":"<p class=\"card-text\">[vc_row][vc_column][vc_single_image image=&#8221;1808&#8243; img_size=&#8221;full&#8221;][\/vc_column][\/vc_row][vc_row css=&#8221;.vc_custom_1708358810915{margin-top: 10px !important;}&#8221;][vc_column][vc_column_text] INTEGRACI\u00d3N DE SOLUCIONES EN SEGURIDAD MISI\u00d3N Nuestra organizaci\u00f3n se especializa en dise\u00f1o, fabricaci\u00f3n, planificaci\u00f3n, provisi\u00f3n e instalaci\u00f3n llave en mano de sistemas integrados de alta seguridad, para la defensa de toda clase de instalaciones de la m\u00e1s diversa complejidad y escala, en entornos de contingencia potencial, elevado riesgo y [&#8230;]<\/p>\n<p class=\"m-0\"><a class=\"btn btn-outline-secondary btn-read-more\" href=\"https:\/\/eterniumconstructora.com\/?page_id=1806\">Read More<\/a><\/p>\n","protected":false},"author":1,"featured_media":0,"parent":0,"menu_order":0,"comment_status":"closed","ping_status":"closed","template":"","meta":{"footnotes":""},"class_list":["post-1806","page","type-page","status-publish","hentry"],"_links":{"self":[{"href":"https:\/\/eterniumconstructora.com\/index.php?rest_route=\/wp\/v2\/pages\/1806","targetHints":{"allow":["GET"]}}],"collection":[{"href":"https:\/\/eterniumconstructora.com\/index.php?rest_route=\/wp\/v2\/pages"}],"about":[{"href":"https:\/\/eterniumconstructora.com\/index.php?rest_route=\/wp\/v2\/types\/page"}],"author":[{"embeddable":true,"href":"https:\/\/eterniumconstructora.com\/index.php?rest_route=\/wp\/v2\/users\/1"}],"replies":[{"embeddable":true,"href":"https:\/\/eterniumconstructora.com\/index.php?rest_route=%2Fwp%2Fv2%2Fcomments&post=1806"}],"version-history":[{"count":1,"href":"https:\/\/eterniumconstructora.com\/index.php?rest_route=\/wp\/v2\/pages\/1806\/revisions"}],"predecessor-version":[{"id":1820,"href":"https:\/\/eterniumconstructora.com\/index.php?rest_route=\/wp\/v2\/pages\/1806\/revisions\/1820"}],"wp:attachment":[{"href":"https:\/\/eterniumconstructora.com\/index.php?rest_route=%2Fwp%2Fv2%2Fmedia&parent=1806"}],"curies":[{"name":"wp","href":"https:\/\/api.w.org\/{rel}","templated":true}]}}