{"id":1870,"date":"2024-02-20T02:14:52","date_gmt":"2024-02-20T02:14:52","guid":{"rendered":"https:\/\/eterniumconstructora.com\/?page_id=1870"},"modified":"2025-02-06T21:54:13","modified_gmt":"2025-02-06T21:54:13","slug":"1870-2","status":"publish","type":"page","link":"https:\/\/eterniumconstructora.com\/?page_id=1870","title":{"rendered":"Loft 76"},"content":{"rendered":"<div class=\"wpb-content-wrapper\"><p>[vc_row full_width=&#8221;stretch_row_content_no_spaces&#8221;][vc_column]\n\t\t\t<!-- START Home Slider Construction REVOLUTION SLIDER 16.6.20 --><p class=\"rs-p-wp-fix\"><\/p>\n\t\t\t<rs-module-wrap id=\"rev_slider_7_1_wrapper\" data-source=\"gallery\" style=\"visibility:hidden;background:transparent;padding:0;margin:0px auto;margin-top:0;margin-bottom:0;\">\n\t\t\t\t<rs-module id=\"rev_slider_7_1\" style=\"\" data-version=\"16.6.20\">\n\t\t\t\t\t<rs-slides style=\"overflow: hidden; position: absolute;\">\n\t\t\t\t\t\t<rs-slide style=\"position: absolute;\" data-key=\"rs-26\" data-title=\"Slide\" data-thumb=\"\/\/eterniumconstructora.com\/wp-content\/uploads\/2025\/02\/sladir-1-100x50.png\" data-in=\"o:1;\" data-out=\"x:(-100%);\">\n\t\t\t\t\t\t\t<img fetchpriority=\"high\" decoding=\"async\" src=\"\/\/eterniumconstructora.com\/wp-content\/plugins\/revslider\/public\/assets\/assets\/dummy.png\" alt=\"\" title=\"sladir 1\" width=\"1920\" height=\"668\" class=\"rev-slidebg tp-rs-img rs-lazyload\" data-lazyload=\"\/\/eterniumconstructora.com\/wp-content\/uploads\/2025\/02\/sladir-1.png\" data-parallax=\"5\" data-no-retina>\n<!--\n\t\t\t\t\t\t\t--><rs-layer\n\t\t\t\t\t\t\t\tid=\"slider-7-slide-26-layer-1\" \n\t\t\t\t\t\t\t\tclass=\"tp-shape tp-shapewrapper rs-selectable\"\n\t\t\t\t\t\t\t\tdata-type=\"shape\"\n\t\t\t\t\t\t\t\tdata-rsp_ch=\"on\"\n\t\t\t\t\t\t\t\tdata-xy=\"xo:32px,32px,32px,30px;yo:197px,197px,197px,223px;\"\n\t\t\t\t\t\t\t\tdata-text=\"fw:400,400,400,100;\"\n\t\t\t\t\t\t\t\tdata-dim=\"w:427px,427px,427px,422px;h:389px,389px,389px,351px;\"\n\t\t\t\t\t\t\t\tdata-frame_0=\"sX:0.9;sY:0.9;\"\n\t\t\t\t\t\t\t\tdata-frame_1=\"e:power3.out;st:500;sp:1500;sR:500;\"\n\t\t\t\t\t\t\t\tdata-frame_999=\"x:left;st:w;sp:1200;sR:6000;\"\n\t\t\t\t\t\t\t\tstyle=\"z-index:5;background-color:#ffffff;\"\n\t\t\t\t\t\t\t> \n\t\t\t\t\t\t\t<\/rs-layer><!--\n\n\t\t\t\t\t\t\t--><rs-layer\n\t\t\t\t\t\t\t\tid=\"slider-7-slide-26-layer-2\" \n\t\t\t\t\t\t\t\tclass=\"medium_thin_grey rs-selectable\"\n\t\t\t\t\t\t\t\tdata-type=\"text\"\n\t\t\t\t\t\t\t\tdata-color=\"#000000||#000000||#000000||rgba(0, 0, 0, 1)\"\n\t\t\t\t\t\t\t\tdata-rsp_ch=\"on\"\n\t\t\t\t\t\t\t\tdata-xy=\"xo:83px,83px,83px,59px;yo:218px,218px,218px,259px;\"\n\t\t\t\t\t\t\t\tdata-text=\"w:normal;s:34,34,34,40;l:30,30,30,40;fw:300,300,300,400;a:center;\"\n\t\t\t\t\t\t\t\tdata-dim=\"w:336px,336px,336px,181px;h:37px,37px,37px,42px;\"\n\t\t\t\t\t\t\t\tdata-padding=\"t:1;r:4;\"\n\t\t\t\t\t\t\t\tdata-frame_0=\"sX:0.9;sY:0.9;\"\n\t\t\t\t\t\t\t\tdata-frame_1=\"e:power3.out;st:600;sp:1500;sR:600;\"\n\t\t\t\t\t\t\t\tdata-frame_999=\"x:left;st:w;sp:1000;sR:5900;\"\n\t\t\t\t\t\t\t\tstyle=\"z-index:6;font-family:'Open Sans';\"\n\t\t\t\t\t\t\t>36 OFI-LOFT \n\t\t\t\t\t\t\t<\/rs-layer><!--\n\n\t\t\t\t\t\t\t--><rs-layer\n\t\t\t\t\t\t\t\tid=\"slider-7-slide-26-layer-9\" \n\t\t\t\t\t\t\t\tclass=\"Woo-Rating rs-selectable\"\n\t\t\t\t\t\t\t\tdata-type=\"text\"\n\t\t\t\t\t\t\t\tdata-color=\"#000000||rgba(0, 0, 0, 1)||rgba(0, 0, 0, 1)||rgba(0, 0, 0, 1)\"\n\t\t\t\t\t\t\t\tdata-rsp_ch=\"on\"\n\t\t\t\t\t\t\t\tdata-xy=\"xo:62px,60px,60px,55px;yo:344px,321px,321px,348px;\"\n\t\t\t\t\t\t\t\tdata-text=\"w:normal;s:14;l:22;fw:300;a:center;\"\n\t\t\t\t\t\t\t\tdata-dim=\"w:370px;\"\n\t\t\t\t\t\t\t\tdata-frame_0=\"sX:0.9;sY:0.9;\"\n\t\t\t\t\t\t\t\tdata-frame_1=\"e:power3.out;st:800;sp:1500;sR:800;\"\n\t\t\t\t\t\t\t\tdata-frame_999=\"x:left;st:w;sp:1000;sR:5700;\"\n\t\t\t\t\t\t\t\tstyle=\"z-index:7;font-family:'Roboto';\"\n\t\t\t\t\t\t\t>Oficinas tipo LOFT  (OFFI-LOFT)\n  para comercio & negocios. \n \n\t\t\t\t\t\t\t<\/rs-layer><!--\n\n\t\t\t\t\t\t\t--><rs-layer\n\t\t\t\t\t\t\t\tid=\"slider-7-slide-26-layer-10\" \n\t\t\t\t\t\t\t\tclass=\"Woo-SubTitle rs-selectable\"\n\t\t\t\t\t\t\t\tdata-type=\"text\"\n\t\t\t\t\t\t\t\tdata-color=\"#000000||rgba(0, 0, 0, 1)||rgba(0, 0, 0, 1)||rgba(0, 0, 0, 1)\"\n\t\t\t\t\t\t\t\tdata-rsp_ch=\"on\"\n\t\t\t\t\t\t\t\tdata-xy=\"xo:62px,59px,59px,55px;yo:297px,293px,293px,316px;\"\n\t\t\t\t\t\t\t\tdata-text=\"w:normal;s:18;l:18;ls:2px;fw:300;a:center;\"\n\t\t\t\t\t\t\t\tdata-dim=\"w:370px;h:21px,auto,auto,auto;\"\n\t\t\t\t\t\t\t\tdata-frame_0=\"sX:0.9;sY:0.9;\"\n\t\t\t\t\t\t\t\tdata-frame_1=\"e:power3.out;st:900;sp:1500;sR:900;\"\n\t\t\t\t\t\t\t\tdata-frame_999=\"x:left;st:w;sp:1000;sR:5600;\"\n\t\t\t\t\t\t\t\tstyle=\"z-index:8;font-family:'Roboto';\"\n\t\t\t\t\t\t\t>Laureles \n\t\t\t\t\t\t\t<\/rs-layer><!--\n\n\t\t\t\t\t\t\t--><rs-layer\n\t\t\t\t\t\t\t\tid=\"slider-7-slide-26-layer-11\" \n\t\t\t\t\t\t\t\tclass=\"Woo-PriceLarge rs-selectable\"\n\t\t\t\t\t\t\t\tdata-type=\"text\"\n\t\t\t\t\t\t\t\tdata-color=\"#000000||#000000||#000000||rgba(0, 0, 0, 1)\"\n\t\t\t\t\t\t\t\tdata-rsp_ch=\"on\"\n\t\t\t\t\t\t\t\tdata-xy=\"xo:61px,61px,61px,55px;yo:394px,394px,394px,393px;\"\n\t\t\t\t\t\t\t\tdata-text=\"w:normal;s:40;l:40;fw:700;a:center;\"\n\t\t\t\t\t\t\t\tdata-dim=\"w:370px;\"\n\t\t\t\t\t\t\t\tdata-frame_0=\"sX:0.9;sY:0.9;\"\n\t\t\t\t\t\t\t\tdata-frame_1=\"e:power3.out;st:1000;sp:1500;sR:1000;\"\n\t\t\t\t\t\t\t\tdata-frame_999=\"x:left;st:w;sp:1000;sR:5500;\"\n\t\t\t\t\t\t\t\tstyle=\"z-index:9;font-family:'Roboto';\"\n\t\t\t\t\t\t\t>LOFT 76 \n\t\t\t\t\t\t\t<\/rs-layer><!--\n\n\t\t\t\t\t\t\t--><a\n\t\t\t\t\t\t\t\tid=\"slider-7-slide-26-layer-13\" \n\t\t\t\t\t\t\t\tclass=\"rs-layer Woo-AddToCart rev-btn rs-selectable\"\n\t\t\t\t\t\t\t\thref=\"https:\/\/eterniumconstructora.com\/?page_id=560\" target=\"_self\"\n\t\t\t\t\t\t\t\tdata-type=\"button\"\n\t\t\t\t\t\t\t\tdata-color=\"rgba(0, 0, 0, 1)\"\n\t\t\t\t\t\t\t\tdata-rsp_ch=\"on\"\n\t\t\t\t\t\t\t\tdata-xy=\"xo:140px,128px,128px,124px;yo:501px,501px,501px,500px;\"\n\t\t\t\t\t\t\t\tdata-text=\"s:15;l:15;fw:500;\"\n\t\t\t\t\t\t\t\tdata-padding=\"t:12;r:75;b:12;l:50;\"\n\t\t\t\t\t\t\t\tdata-border=\"bos:solid;boc:rgba(0, 0, 0, 1);bow:1px,1px,1px,1px;bor:4px,4px,4px,4px;\"\n\t\t\t\t\t\t\t\tdata-frame_0=\"sX:0.9;sY:0.9;\"\n\t\t\t\t\t\t\t\tdata-frame_1=\"e:power3.out;st:1200;sp:1500;sR:1200;\"\n\t\t\t\t\t\t\t\tdata-frame_999=\"x:left;st:w;sp:1000;sR:5300;\"\n\t\t\t\t\t\t\t\tdata-frame_hover=\"c:#000;bgc:#f3a847;boc:#000;bor:4px,4px,4px,4px;bos:solid;bow:1px,1px,1px,1px;oX:50;oY:50;sp:200;e:power1.inOut;\"\n\t\t\t\t\t\t\t\tstyle=\"z-index:11;background-color:#fab702;font-family:'Roboto';cursor:pointer;outline:none;box-shadow:none;box-sizing:border-box;-moz-box-sizing:border-box;-webkit-box-sizing:border-box;\"\n\t\t\t\t\t\t\t><i class=\"pe-7s-cart\" style=\"font-size:25px; float: left;  margin-right: 6px;\"><\/i> Contract Us \n\t\t\t\t\t\t\t<\/a><!--\n\n\t\t\t\t\t\t\t--><a\n\t\t\t\t\t\t\t\tid=\"slider-7-slide-26-layer-14\" \n\t\t\t\t\t\t\t\tclass=\"rs-layer Woo-ProductInfo rev-btn rs-selectable\"\n\t\t\t\t\t\t\t\thref=\"https:\/\/eterniumconstructora.com\/?page_id=1870\" target=\"_blank\" rel=\"noopener\"\n\t\t\t\t\t\t\t\tdata-type=\"button\"\n\t\t\t\t\t\t\t\tdata-color=\"rgba(0, 0, 0, 1)\"\n\t\t\t\t\t\t\t\tdata-rsp_ch=\"on\"\n\t\t\t\t\t\t\t\tdata-xy=\"xo:140px,128px,129px,125px;yo:450px;\"\n\t\t\t\t\t\t\t\tdata-text=\"s:15;l:15;fw:500;\"\n\t\t\t\t\t\t\t\tdata-dim=\"w:235px,auto,auto,auto;\"\n\t\t\t\t\t\t\t\tdata-padding=\"t:12;r:75;b:12;l:50;\"\n\t\t\t\t\t\t\t\tdata-border=\"bos:solid;boc:rgba(0, 0, 0, 1);bow:1px,1px,1px,1px;bor:4px,4px,4px,4px;\"\n\t\t\t\t\t\t\t\tdata-frame_0=\"sX:0.9;sY:0.9;\"\n\t\t\t\t\t\t\t\tdata-frame_1=\"e:power3.out;st:1100;sp:1500;sR:1100;\"\n\t\t\t\t\t\t\t\tdata-frame_999=\"x:left;st:w;sp:1000;sR:5400;\"\n\t\t\t\t\t\t\t\tdata-frame_hover=\"c:#000;bgc:#ddd;boc:#000;bor:4px,4px,4px,4px;bos:solid;bow:1px,1px,1px,1px;oX:50;oY:50;sp:200;e:power1.inOut;\"\n\t\t\t\t\t\t\t\tstyle=\"z-index:10;background-color:rgba(238,238,238,1);font-family:'Roboto';cursor:pointer;outline:none;box-shadow:none;box-sizing:border-box;-moz-box-sizing:border-box;-webkit-box-sizing:border-box;\"\n\t\t\t\t\t\t\t><i class=\"pe-7s-look\" style=\"font-size:25px; float: left;  margin-right: 6px;\"><\/i> Info proyecto \n\t\t\t\t\t\t\t<\/a><!--\n\n\t\t\t\t\t\t\t--><rs-layer\n\t\t\t\t\t\t\t\tid=\"slider-7-slide-26-layer-16\" \n\t\t\t\t\t\t\t\tclass=\"medium_thin_grey rs-selectable\"\n\t\t\t\t\t\t\t\tdata-type=\"text\"\n\t\t\t\t\t\t\t\tdata-color=\"#000000||#000000||#000000||rgba(0, 0, 0, 1)\"\n\t\t\t\t\t\t\t\tdata-rsp_ch=\"on\"\n\t\t\t\t\t\t\t\tdata-xy=\"xo:85px,85px,85px,245px;yo:260px,260px,260px,259px;\"\n\t\t\t\t\t\t\t\tdata-text=\"w:normal;s:34,34,34,40;l:30,30,30,40;fw:300,300,300,400;a:center;\"\n\t\t\t\t\t\t\t\tdata-dim=\"w:326px,326px,326px,172px;h:35px,35px,35px,42px;\"\n\t\t\t\t\t\t\t\tdata-padding=\"t:1;r:4;\"\n\t\t\t\t\t\t\t\tdata-frame_0=\"sX:0.9;sY:0.9;\"\n\t\t\t\t\t\t\t\tdata-frame_1=\"e:power3.out;st:600;sp:1500;sR:600;\"\n\t\t\t\t\t\t\t\tdata-frame_999=\"x:left;st:w;sp:1000;sR:5900;\"\n\t\t\t\t\t\t\t\tstyle=\"z-index:12;font-family:'Open Sans';\"\n\t\t\t\t\t\t\t>BODEGAS \n\t\t\t\t\t\t\t<\/rs-layer><!--\n-->\t\t\t\t\t\t<\/rs-slide>\n\t\t\t\t\t\t<rs-slide style=\"position: absolute;\" data-key=\"rs-27\" data-title=\"Slide\" data-thumb=\"\/\/eterniumconstructora.com\/wp-content\/uploads\/2025\/02\/banner-loft-76-100x50.jpg\" data-in=\"o:1;\" data-out=\"x:(-100%);\">\n\t\t\t\t\t\t\t<img decoding=\"async\" src=\"\/\/eterniumconstructora.com\/wp-content\/plugins\/revslider\/public\/assets\/assets\/dummy.png\" alt=\"\" title=\"banner loft 76\" width=\"1921\" height=\"668\" class=\"rev-slidebg tp-rs-img rs-lazyload\" data-lazyload=\"\/\/eterniumconstructora.com\/wp-content\/uploads\/2025\/02\/banner-loft-76.jpg\" data-parallax=\"5\" data-no-retina>\n<!--\n\t\t\t\t\t\t\t--><rs-layer\n\t\t\t\t\t\t\t\tid=\"slider-7-slide-27-layer-1\" \n\t\t\t\t\t\t\t\tclass=\"tp-shape tp-shapewrapper rs-selectable\"\n\t\t\t\t\t\t\t\tdata-type=\"shape\"\n\t\t\t\t\t\t\t\tdata-rsp_ch=\"on\"\n\t\t\t\t\t\t\t\tdata-xy=\"xo:32px,32px,32px,30px;yo:197px,197px,197px,223px;\"\n\t\t\t\t\t\t\t\tdata-text=\"fw:400,400,400,100;\"\n\t\t\t\t\t\t\t\tdata-dim=\"w:427px,427px,427px,422px;h:389px,389px,389px,351px;\"\n\t\t\t\t\t\t\t\tdata-frame_0=\"sX:0.9;sY:0.9;\"\n\t\t\t\t\t\t\t\tdata-frame_1=\"e:power3.out;st:500;sp:1500;sR:500;\"\n\t\t\t\t\t\t\t\tdata-frame_999=\"x:left;st:w;sp:1200;sR:6000;\"\n\t\t\t\t\t\t\t\tstyle=\"z-index:5;background-color:rgba(255,255,255,1);\"\n\t\t\t\t\t\t\t> \n\t\t\t\t\t\t\t<\/rs-layer><!--\n\n\t\t\t\t\t\t\t--><rs-layer\n\t\t\t\t\t\t\t\tid=\"slider-7-slide-27-layer-2\" \n\t\t\t\t\t\t\t\tclass=\"medium_thin_grey rs-selectable\"\n\t\t\t\t\t\t\t\tdata-type=\"text\"\n\t\t\t\t\t\t\t\tdata-color=\"rgb(102, 102, 102)||rgb(102, 102, 102)||rgb(102, 102, 102)||rgba(0, 0, 0, 1)\"\n\t\t\t\t\t\t\t\tdata-rsp_ch=\"on\"\n\t\t\t\t\t\t\t\tdata-xy=\"xo:73px,73px,73px,59px;yo:213px,213px,213px,259px;\"\n\t\t\t\t\t\t\t\tdata-text=\"w:normal;s:34,34,34,40;l:30,30,30,40;fw:300,300,300,400;a:center;\"\n\t\t\t\t\t\t\t\tdata-dim=\"w:347px,347px,347px,181px;h:48px,48px,48px,42px;\"\n\t\t\t\t\t\t\t\tdata-padding=\"t:1;r:4;\"\n\t\t\t\t\t\t\t\tdata-frame_0=\"sX:0.9;sY:0.9;\"\n\t\t\t\t\t\t\t\tdata-frame_1=\"e:power3.out;st:600;sp:1500;sR:600;\"\n\t\t\t\t\t\t\t\tdata-frame_999=\"x:left;st:w;sp:1000;sR:5900;\"\n\t\t\t\t\t\t\t\tstyle=\"z-index:6;font-family:'Open Sans';\"\n\t\t\t\t\t\t\t>Oficinas tipo loft \n\t\t\t\t\t\t\t<\/rs-layer><!--\n\n\t\t\t\t\t\t\t--><rs-layer\n\t\t\t\t\t\t\t\tid=\"slider-7-slide-27-layer-9\" \n\t\t\t\t\t\t\t\tclass=\"Woo-Rating rs-selectable\"\n\t\t\t\t\t\t\t\tdata-type=\"text\"\n\t\t\t\t\t\t\t\tdata-color=\"rgba(0, 0, 0, 1)\"\n\t\t\t\t\t\t\t\tdata-rsp_ch=\"on\"\n\t\t\t\t\t\t\t\tdata-xy=\"xo:61px,60px,60px,55px;yo:338px,321px,321px,348px;\"\n\t\t\t\t\t\t\t\tdata-text=\"w:normal;s:14;l:22;fw:300;a:center;\"\n\t\t\t\t\t\t\t\tdata-dim=\"w:370px;h:51px,auto,auto,auto;\"\n\t\t\t\t\t\t\t\tdata-frame_0=\"sX:0.9;sY:0.9;\"\n\t\t\t\t\t\t\t\tdata-frame_1=\"e:power3.out;st:800;sp:1500;sR:800;\"\n\t\t\t\t\t\t\t\tdata-frame_999=\"x:left;st:w;sp:1000;sR:5700;\"\n\t\t\t\t\t\t\t\tstyle=\"z-index:7;font-family:'Roboto';\"\n\t\t\t\t\t\t\t>Una zona ideal para invertir cerca todo lo mejpor de laurles \n\t\t\t\t\t\t\t<\/rs-layer><!--\n\n\t\t\t\t\t\t\t--><rs-layer\n\t\t\t\t\t\t\t\tid=\"slider-7-slide-27-layer-10\" \n\t\t\t\t\t\t\t\tclass=\"Woo-SubTitle rs-selectable\"\n\t\t\t\t\t\t\t\tdata-type=\"text\"\n\t\t\t\t\t\t\t\tdata-color=\"rgba(0, 0, 0, 1)\"\n\t\t\t\t\t\t\t\tdata-rsp_ch=\"on\"\n\t\t\t\t\t\t\t\tdata-xy=\"xo:62px,59px,59px,55px;yo:303px,293px,293px,316px;\"\n\t\t\t\t\t\t\t\tdata-text=\"w:normal;s:18;l:18;ls:2px;fw:300;a:center;\"\n\t\t\t\t\t\t\t\tdata-dim=\"w:370px;\"\n\t\t\t\t\t\t\t\tdata-frame_0=\"sX:0.9;sY:0.9;\"\n\t\t\t\t\t\t\t\tdata-frame_1=\"e:power3.out;st:900;sp:1500;sR:900;\"\n\t\t\t\t\t\t\t\tdata-frame_999=\"x:left;st:w;sp:1000;sR:5600;\"\n\t\t\t\t\t\t\t\tstyle=\"z-index:8;font-family:'Roboto';\"\n\t\t\t\t\t\t\t>Laureles \n\t\t\t\t\t\t\t<\/rs-layer><!--\n\n\t\t\t\t\t\t\t--><rs-layer\n\t\t\t\t\t\t\t\tid=\"slider-7-slide-27-layer-11\" \n\t\t\t\t\t\t\t\tclass=\"Woo-PriceLarge rs-selectable\"\n\t\t\t\t\t\t\t\tdata-type=\"text\"\n\t\t\t\t\t\t\t\tdata-color=\"rgba(0, 0, 0, 1)\"\n\t\t\t\t\t\t\t\tdata-rsp_ch=\"on\"\n\t\t\t\t\t\t\t\tdata-xy=\"xo:61px,61px,61px,55px;yo:390px,390px,390px,393px;\"\n\t\t\t\t\t\t\t\tdata-text=\"w:normal;s:40;l:40;fw:700;a:center;\"\n\t\t\t\t\t\t\t\tdata-dim=\"w:370px;\"\n\t\t\t\t\t\t\t\tdata-frame_0=\"sX:0.9;sY:0.9;\"\n\t\t\t\t\t\t\t\tdata-frame_1=\"e:power3.out;st:1000;sp:1500;sR:1000;\"\n\t\t\t\t\t\t\t\tdata-frame_999=\"x:left;st:w;sp:1000;sR:5500;\"\n\t\t\t\t\t\t\t\tstyle=\"z-index:9;font-family:'Roboto';\"\n\t\t\t\t\t\t\t>LOFT 76 \n\t\t\t\t\t\t\t<\/rs-layer><!--\n\n\t\t\t\t\t\t\t--><a\n\t\t\t\t\t\t\t\tid=\"slider-7-slide-27-layer-13\" \n\t\t\t\t\t\t\t\tclass=\"rs-layer Woo-AddToCart rev-btn rs-selectable\"\n\t\t\t\t\t\t\t\thref=\"https:\/\/eterniumconstructora.com\/?page_id=560\" target=\"_self\"\n\t\t\t\t\t\t\t\tdata-type=\"button\"\n\t\t\t\t\t\t\t\tdata-color=\"rgba(0, 0, 0, 1)\"\n\t\t\t\t\t\t\t\tdata-rsp_ch=\"on\"\n\t\t\t\t\t\t\t\tdata-xy=\"xo:140px,128px,128px,124px;yo:501px,501px,501px,500px;\"\n\t\t\t\t\t\t\t\tdata-text=\"s:15;l:15;fw:500;\"\n\t\t\t\t\t\t\t\tdata-padding=\"t:12;r:75;b:12;l:50;\"\n\t\t\t\t\t\t\t\tdata-border=\"bos:solid;boc:rgba(0, 0, 0, 1);bow:1px,1px,1px,1px;bor:4px,4px,4px,4px;\"\n\t\t\t\t\t\t\t\tdata-frame_0=\"sX:0.9;sY:0.9;\"\n\t\t\t\t\t\t\t\tdata-frame_1=\"e:power3.out;st:1200;sp:1500;sR:1200;\"\n\t\t\t\t\t\t\t\tdata-frame_999=\"x:left;st:w;sp:1000;sR:5300;\"\n\t\t\t\t\t\t\t\tdata-frame_hover=\"c:#000;bgc:#f3a847;boc:#000;bor:4px,4px,4px,4px;bos:solid;bow:1px,1px,1px,1px;oX:50;oY:50;sp:200;e:power1.inOut;\"\n\t\t\t\t\t\t\t\tstyle=\"z-index:11;background-color:#fab702;font-family:'Roboto';cursor:pointer;outline:none;box-shadow:none;box-sizing:border-box;-moz-box-sizing:border-box;-webkit-box-sizing:border-box;\"\n\t\t\t\t\t\t\t><i class=\"pe-7s-cart\" style=\"font-size:25px; float: left;  margin-right: 6px;\"><\/i> Contract Us \n\t\t\t\t\t\t\t<\/a><!--\n\n\t\t\t\t\t\t\t--><a\n\t\t\t\t\t\t\t\tid=\"slider-7-slide-27-layer-14\" \n\t\t\t\t\t\t\t\tclass=\"rs-layer Woo-ProductInfo rev-btn rs-selectable\"\n\t\t\t\t\t\t\t\thref=\"https:\/\/eterniumconstructora.com\/?page_id=1870\" target=\"_blank\" rel=\"noopener\"\n\t\t\t\t\t\t\t\tdata-type=\"button\"\n\t\t\t\t\t\t\t\tdata-color=\"rgba(0, 0, 0, 1)\"\n\t\t\t\t\t\t\t\tdata-rsp_ch=\"on\"\n\t\t\t\t\t\t\t\tdata-xy=\"xo:140px,128px,129px,125px;yo:450px;\"\n\t\t\t\t\t\t\t\tdata-text=\"s:15;l:15;fw:500;\"\n\t\t\t\t\t\t\t\tdata-dim=\"w:239px,auto,auto,auto;\"\n\t\t\t\t\t\t\t\tdata-padding=\"t:12;r:75;b:12;l:50;\"\n\t\t\t\t\t\t\t\tdata-border=\"bos:solid;boc:rgba(0, 0, 0, 1);bow:1px,1px,1px,1px;bor:4px,4px,4px,4px;\"\n\t\t\t\t\t\t\t\tdata-frame_0=\"sX:0.9;sY:0.9;\"\n\t\t\t\t\t\t\t\tdata-frame_1=\"e:power3.out;st:1100;sp:1500;sR:1100;\"\n\t\t\t\t\t\t\t\tdata-frame_999=\"x:left;st:w;sp:1000;sR:5400;\"\n\t\t\t\t\t\t\t\tdata-frame_hover=\"c:#000;bgc:#ddd;boc:#000;bor:4px,4px,4px,4px;bos:solid;bow:1px,1px,1px,1px;oX:50;oY:50;sp:200;e:power1.inOut;\"\n\t\t\t\t\t\t\t\tstyle=\"z-index:10;background-color:rgba(238,238,238,1);font-family:'Roboto';cursor:pointer;outline:none;box-shadow:none;box-sizing:border-box;-moz-box-sizing:border-box;-webkit-box-sizing:border-box;\"\n\t\t\t\t\t\t\t><i class=\"pe-7s-look\" style=\"font-size:25px; float: left;  margin-right: 6px;\"><\/i> Info Proyecto \n\t\t\t\t\t\t\t<\/a><!--\n\n\t\t\t\t\t\t\t--><rs-layer\n\t\t\t\t\t\t\t\tid=\"slider-7-slide-27-layer-16\" \n\t\t\t\t\t\t\t\tclass=\"medium_thin_grey rs-selectable\"\n\t\t\t\t\t\t\t\tdata-type=\"text\"\n\t\t\t\t\t\t\t\tdata-color=\"rgb(102, 102, 102)||rgb(102, 102, 102)||rgb(102, 102, 102)||rgba(0, 0, 0, 1)\"\n\t\t\t\t\t\t\t\tdata-rsp_ch=\"on\"\n\t\t\t\t\t\t\t\tdata-xy=\"xo:51px,51px,51px,245px;yo:256px,256px,256px,259px;\"\n\t\t\t\t\t\t\t\tdata-text=\"w:normal;s:34,34,34,40;l:30,30,30,40;fw:300,300,300,400;a:center;\"\n\t\t\t\t\t\t\t\tdata-dim=\"w:392px,392px,392px,172px;h:43px,43px,43px,42px;\"\n\t\t\t\t\t\t\t\tdata-padding=\"t:1;r:4;\"\n\t\t\t\t\t\t\t\tdata-frame_0=\"sX:0.9;sY:0.9;\"\n\t\t\t\t\t\t\t\tdata-frame_1=\"e:power3.out;st:600;sp:1500;sR:600;\"\n\t\t\t\t\t\t\t\tdata-frame_999=\"x:left;st:w;sp:1000;sR:5900;\"\n\t\t\t\t\t\t\t\tstyle=\"z-index:12;font-family:'Open Sans';\"\n\t\t\t\t\t\t\t>locales y bodegas \n\t\t\t\t\t\t\t<\/rs-layer><!--\n-->\t\t\t\t\t\t<\/rs-slide>\n\t\t\t\t\t<\/rs-slides>\n\t\t\t\t<\/rs-module>\n\t\t\t\t<script>\n\t\t\t\t\tsetREVStartSize({c: 'rev_slider_7_1',rl:[1240,1024,778,480],el:[600,600,600,600],gw:[1200,1024,778,480],gh:[600,600,600,600],type:'standard',justify:'',layout:'fullwidth',mh:\"0\"});if (window.RS_MODULES!==undefined && window.RS_MODULES.modules!==undefined && window.RS_MODULES.modules[\"revslider71\"]!==undefined) {window.RS_MODULES.modules[\"revslider71\"].once = false;window.revapi7 = undefined;if (window.RS_MODULES.checkMinimal!==undefined) window.RS_MODULES.checkMinimal()}\n\t\t\t\t<\/script>\n\t\t\t<\/rs-module-wrap>\n\t\t\t<!-- END REVOLUTION SLIDER -->\n[\/vc_column][\/vc_row][vc_row][vc_column][vc_column_text][\/vc_column_text][\/vc_column][\/vc_row][vc_row full_width=&#8221;stretch_row&#8221;][vc_column][vc_single_image image=&#8221;1872&#8243; img_size=&#8221;full&#8221;][\/vc_column][\/vc_row][vc_row][vc_column width=&#8221;1\/2&#8243;][vc_column_text css=&#8221;&#8221;]<\/p>\n<p style=\"text-align: justify;\"><b><i>LOFT 76,<\/i><\/b> un proyecto ubicado en LAURELES, diagonal a la iglesia\u00a0\u00a0 Santa Teresita,\u00a0 Carrera76 #35-37, cercano Todo lo mejor de laureles. Un lugar pensado para aquellos que buscan tranquilidad, exclusividad, a su vez disfrutar de todas las comodidades que brinda el sector. Conformado por una torre de 12 Pisos y s\u00f3tano con unas incre\u00edbles zonas comerciales,<\/p>\n<p style=\"text-align: justify;\">Ofi-loft totalmente independientes, con dise\u00f1o interior moderno y lujoso que resalta por sus amplios espacios, iluminaci\u00f3n y ventilaci\u00f3n natural.<\/p>\n<p>[\/vc_column_text][vc_video link=&#8221;https:\/\/www.youtube.com\/watch?v=gZo1TtiX1WU&#8221;][\/vc_column][vc_column width=&#8221;1\/2&#8243;][vc_gmaps link=&#8221;#E-8_JTNDaWZyYW1lJTIwc3JjJTNEJTIyaHR0cHMlM0ElMkYlMkZ3d3cuZ29vZ2xlLmNvbSUyRm1hcHMlMkZlbWJlZCUzRnBiJTNEJTIxMW0xOCUyMTFtMTIlMjExbTMlMjExZDM5NjYuMTU4NjE1NjQ1NzMlMjEyZC03NS41OTk1MjcxMjQyODc2OSUyMTNkNi4yNDI4MTY2MjYzNTk5NzUlMjEybTMlMjExZjAlMjEyZjAlMjEzZjAlMjEzbTIlMjExaTEwMjQlMjEyaTc2OCUyMTRmMTMuMSUyMTNtMyUyMTFtMiUyMTFzMHg4ZTQ0MjlhMjBkNDE4YmZiJTI1M0EweDgzM2M2Yzg2NzQ1NzE3ZWUlMjEyc0NyYS4lMjUyMDc2JTI1MjAlMjUyMzM1LTM3JTI1MkMlMjUyMExhdXJlbGVzJTI1MjAtJTI1MjBFc3RhZGlvJTI1MkMlMjUyME1lZGVsbCUyNUMzJTI1QURuJTI1MkMlMjUyMExhdXJlbGVzJTI1MkMlMjUyME1lZGVsbCUyNUMzJTI1QURuJTI1MkMlMjUyMEFudGlvcXVpYSUyMTVlMCUyMTNtMiUyMTFzZXMtNDE5JTIxMnNjbyUyMTR2MTcwODM5NDYyNzEyMSUyMTVtMiUyMTFzZXMtNDE5JTIxMnNjbyUyMiUyMHdpZHRoJTNEJTIyNjAwJTIyJTIwaGVpZ2h0JTNEJTIyNDUwJTIyJTIwc3R5bGUlM0QlMjJib3JkZXIlM0EwJTNCJTIyJTIwYWxsb3dmdWxsc2NyZWVuJTNEJTIyJTIyJTIwbG9hZGluZyUzRCUyMmxhenklMjIlMjByZWZlcnJlcnBvbGljeSUzRCUyMm5vLXJlZmVycmVyLXdoZW4tZG93bmdyYWRlJTIyJTNFJTNDJTJGaWZyYW1lJTNF&#8221;][\/vc_column][\/vc_row][vc_row][vc_column][ve_portfolio portfolio_columns_count=&#8221;3clm&#8221; portfolio_sortable_icons=&#8221;no&#8221;][\/vc_column][\/vc_row]<\/p>\n<\/div>","protected":false},"excerpt":{"rendered":"<p class=\"card-text\">[vc_row full_width=&#8221;stretch_row_content_no_spaces&#8221;][vc_column][\/vc_column][\/vc_row][vc_row][vc_column][vc_column_text][\/vc_column_text][\/vc_column][\/vc_row][vc_row full_width=&#8221;stretch_row&#8221;][vc_column][vc_single_image image=&#8221;1872&#8243; img_size=&#8221;full&#8221;][\/vc_column][\/vc_row][vc_row][vc_column width=&#8221;1\/2&#8243;][vc_column_text css=&#8221;&#8221;] LOFT 76, un proyecto ubicado en LAURELES, diagonal a la iglesia\u00a0\u00a0 Santa Teresita,\u00a0 Carrera76 #35-37, cercano Todo lo mejor de laureles. Un lugar pensado para aquellos que buscan tranquilidad, exclusividad, a su vez disfrutar de todas las comodidades que brinda el sector. Conformado por una torre de 12 [&#8230;]<\/p>\n<p class=\"m-0\"><a class=\"btn btn-outline-secondary btn-read-more\" href=\"https:\/\/eterniumconstructora.com\/?page_id=1870\">Read More<\/a><\/p>\n","protected":false},"author":1,"featured_media":0,"parent":0,"menu_order":0,"comment_status":"closed","ping_status":"closed","template":"","meta":{"footnotes":""},"class_list":["post-1870","page","type-page","status-publish","hentry"],"_links":{"self":[{"href":"https:\/\/eterniumconstructora.com\/index.php?rest_route=\/wp\/v2\/pages\/1870","targetHints":{"allow":["GET"]}}],"collection":[{"href":"https:\/\/eterniumconstructora.com\/index.php?rest_route=\/wp\/v2\/pages"}],"about":[{"href":"https:\/\/eterniumconstructora.com\/index.php?rest_route=\/wp\/v2\/types\/page"}],"author":[{"embeddable":true,"href":"https:\/\/eterniumconstructora.com\/index.php?rest_route=\/wp\/v2\/users\/1"}],"replies":[{"embeddable":true,"href":"https:\/\/eterniumconstructora.com\/index.php?rest_route=%2Fwp%2Fv2%2Fcomments&post=1870"}],"version-history":[{"count":7,"href":"https:\/\/eterniumconstructora.com\/index.php?rest_route=\/wp\/v2\/pages\/1870\/revisions"}],"predecessor-version":[{"id":2280,"href":"https:\/\/eterniumconstructora.com\/index.php?rest_route=\/wp\/v2\/pages\/1870\/revisions\/2280"}],"wp:attachment":[{"href":"https:\/\/eterniumconstructora.com\/index.php?rest_route=%2Fwp%2Fv2%2Fmedia&parent=1870"}],"curies":[{"name":"wp","href":"https:\/\/api.w.org\/{rel}","templated":true}]}}