{"id":647,"date":"2017-11-20T20:40:38","date_gmt":"2017-11-20T20:40:38","guid":{"rendered":"http:\/\/theme.visualmodo.com\/construction\/?page_id=647"},"modified":"2025-02-09T19:05:12","modified_gmt":"2025-02-09T19:05:12","slug":"projects-3-columns","status":"publish","type":"page","link":"https:\/\/eterniumconstructora.com\/","title":{"rendered":"Projects \u2013 3 Columns"},"content":{"rendered":"<div class=\"wpb-content-wrapper\"><p>[vc_row][vc_column width=&#8221;1\/2&#8243;][vc_column_text]<\/p>\n<h1 style=\"text-align: center;\"><img fetchpriority=\"high\" decoding=\"async\" class=\"aligncenter size-full wp-image-1935\" src=\"https:\/\/eterniumconstructora.com\/wp-content\/uploads\/2024\/02\/logo.png\" alt=\"\" width=\"1818\" height=\"410\" srcset=\"https:\/\/eterniumconstructora.com\/wp-content\/uploads\/2024\/02\/logo.png 1818w, https:\/\/eterniumconstructora.com\/wp-content\/uploads\/2024\/02\/logo-300x68.png 300w, https:\/\/eterniumconstructora.com\/wp-content\/uploads\/2024\/02\/logo-1024x231.png 1024w, https:\/\/eterniumconstructora.com\/wp-content\/uploads\/2024\/02\/logo-768x173.png 768w, https:\/\/eterniumconstructora.com\/wp-content\/uploads\/2024\/02\/logo-1536x346.png 1536w, https:\/\/eterniumconstructora.com\/wp-content\/uploads\/2024\/02\/logo-1320x298.png 1320w, https:\/\/eterniumconstructora.com\/wp-content\/uploads\/2024\/02\/logo-600x135.png 600w\" sizes=\"(max-width: 1818px) 100vw, 1818px\" \/><\/h1>\n<p>[\/vc_column_text][vc_column_text css=&#8221;.vc_custom_1708456007850{margin-top: 60px !important;}&#8221;]<\/p>\n<p style=\"text-align: justify;\">Somos una organizaci\u00f3n con gran experiencia en la capital industrial de Colombia, debido a que lleva m\u00e1s de 10 a\u00f1os suministrando servicio de INGENIERIA importantes entidades comerciales, residenciales, Debidamente autorizada para su funcionamiento, mediante resoluci\u00f3n de la de la c\u00e1mara de comercio de Medell\u00edn<\/p>\n<p>[\/vc_column_text][\/vc_column][vc_column width=&#8221;1\/2&#8243;][vc_gmaps link=&#8221;#E-8_JTNDaWZyYW1lJTIwc3JjJTNEJTIyaHR0cHMlM0ElMkYlMkZ3d3cuZ29vZ2xlLmNvbSUyRm1hcHMlMkZlbWJlZCUzRnBiJTNEJTIxMW0xOCUyMTFtMTIlMjExbTMlMjExZDM5NjYuMTU4NjE1NjQ1NzMlMjEyZC03NS41OTk1MjcxMjQyODc3JTIxM2Q2LjI0MjgxNjYyNjM1OTk3NSUyMTJtMyUyMTFmMCUyMTJmMCUyMTNmMCUyMTNtMiUyMTFpMTAyNCUyMTJpNzY4JTIxNGYxMy4xJTIxM20zJTIxMW0yJTIxMXMweDhlNDQyOWEyMGQ0MThiZmIlMjUzQTB4ODMzYzZjODY3NDU3MTdlZSUyMTJzQ3JhLiUyNTIwNzYlMjUyMCUyNTIzMzUtMzclMjUyQyUyNTIwTGF1cmVsZXMlMjUyMC0lMjUyMEVzdGFkaW8lMjUyQyUyNTIwTWVkZWxsJTI1QzMlMjVBRG4lMjUyQyUyNTIwTGF1cmVsZXMlMjUyQyUyNTIwTWVkZWxsJTI1QzMlMjVBRG4lMjUyQyUyNTIwQW50aW9xdWlhJTIxNWUwJTIxM20yJTIxMXNlcy00MTklMjEyc2NvJTIxNHYxNzA4NDU0MzM4OTYzJTIxNW0yJTIxMXNlcy00MTklMjEyc2NvJTIyJTIwd2lkdGglM0QlMjI2MDAlMjIlMjBoZWlnaHQlM0QlMjI0NTAlMjIlMjBzdHlsZSUzRCUyMmJvcmRlciUzQTAlM0IlMjIlMjBhbGxvd2Z1bGxzY3JlZW4lM0QlMjIlMjIlMjBsb2FkaW5nJTNEJTIybGF6eSUyMiUyMHJlZmVycmVycG9saWN5JTNEJTIybm8tcmVmZXJyZXItd2hlbi1kb3duZ3JhZGUlMjIlM0UlM0MlMkZpZnJhbWUlM0U=&#8221;][\/vc_column][\/vc_row][vc_row][vc_column][vc_separator color=&#8221;custom&#8221; accent_color=&#8221;#eeee22&#8243; border_width=&#8221;10&#8243;][\/vc_column][\/vc_row][vc_row css=&#8221;.vc_custom_1708455915064{margin-bottom: 40px !important;}&#8221;][vc_column][vc_column_text]<\/p>\n<h1 style=\"text-align: center;\"><strong>NUESTROS SERVICIOS<\/strong><\/h1>\n<p>[\/vc_column_text][\/vc_column][\/vc_row][vc_row][vc_column width=&#8221;1\/4&#8243;]<div class=\"ult-ih-container ult-adjust-bottom-margin  \" >\t<ul class=\"ult-ih-list \"  data-shape=\"circle\"  data-width=\"250\"  data-height=\"250\"  style=\"text-align:center; \"><li id=\"ult-ih-list-item-2466\" class=\"ult-ih-list-item\" style=\"height: 250px; width: 250px;  margin: 15px\"><a class=\"ult-ih-link\" href=\"https:\/\/eterniumconstructora.com\/?page_id=696\" title=\"Services\"  ><div style=\"height: 250px; width: 250px; \" class=\"ult-ih-item ult-ih-effect1    ult-ih-top_to_bottom\"><div class=\"ult-ih-image-block\" style=\"height: 250px; width: 250px; \">\t<div class=\"ult-ih-wrapper\" style=\"border-style: solid; border-color: rgba(255,255,255,0.2); border-width: 20px;\"><\/div>\t<img decoding=\"async\" class=\"ult-ih-image\" src=\"https:\/\/eterniumconstructora.com\/wp-content\/uploads\/2024\/01\/ingenieria-y-obras-civiles.jpg\" alt=\"null\"><\/div><div class=\"ult-ih-info\" >\t<div class=\"ult-ih-info-back\" style=\"background-color: rgba(0,0,0,0.75); \">\t<div class=\"ult-ih-content\">\t\t\t<div class=\"ult-ih-heading-block\" style=\"\">\t\t\t\t<h3 class=\"ult-ih-heading ult-responsive\" style=\"color:#ffffff;\"  data-ultimate-target='#ult-ih-list-item-2466 .ult-ih-heading'  data-responsive-json-new='{\"font-size\":\"desktop:22px;\",\"line-height\":\"desktop:28px;\"}' >INGENIERIA Y OBRAS CIVILES<\/h3>\t\t\t<\/div>\t\t\t<div class=\"ult-ih-divider-block\" style=\"height:1px;\">\t\t\t\t<span class=\"ult-ih-line\" style=\"border-style:solid;border-color:rgba(255,255,255,0.75);width:100px;border-width:1px;\"><\/span>\t\t\t<\/div>\t\t\t<div class=\"ult-ih-description-block\" style=\"\">\t\t\t\t<div class=\"ult-ih-description ult-responsive\" style=\"color:#bbbbbb;\"  data-ultimate-target='#ult-ih-list-item-2466 .ult-ih-description, #ult-ih-list-item-2466 .ult-ih-description p'  data-responsive-json-new='{\"font-size\":\"desktop:12px;\",\"line-height\":\"desktop:18px;\"}' >\t\t\t\t<\/div>\t\t\t<\/div>\t<\/div>\t<\/div><\/div><\/div><\/a><\/li>\t<\/ul><\/div>[\/vc_column][vc_column width=&#8221;1\/4&#8243;]<div class=\"ult-ih-container ult-adjust-bottom-margin  \" >\t<ul class=\"ult-ih-list \"  data-shape=\"circle\"  data-width=\"250\"  data-height=\"250\"  style=\"text-align:center; \"><li id=\"ult-ih-list-item-2878\" class=\"ult-ih-list-item\" style=\"height: 250px; width: 250px;  margin: 15px\"><a class=\"ult-ih-link\" href=\"https:\/\/eterniumconstructora.com\/?page_id=696\" title=\"Services\"  ><div style=\"height: 250px; width: 250px; \" class=\"ult-ih-item ult-ih-effect1    ult-ih-top_to_bottom\"><div class=\"ult-ih-image-block\" style=\"height: 250px; width: 250px; \">\t<div class=\"ult-ih-wrapper\" style=\"border-style: solid; border-color: rgba(255,255,255,0.2); border-width: 20px;\"><\/div>\t<img decoding=\"async\" class=\"ult-ih-image\" src=\"https:\/\/eterniumconstructora.com\/wp-content\/uploads\/2024\/01\/construccion-e-infra-estructura.jpg\" alt=\"null\"><\/div><div class=\"ult-ih-info\" >\t<div class=\"ult-ih-info-back\" style=\"background-color: rgba(0,0,0,0.75); \">\t<div class=\"ult-ih-content\">\t\t\t<div class=\"ult-ih-heading-block\" style=\"\">\t\t\t\t<h3 class=\"ult-ih-heading ult-responsive\" style=\"color:#ffffff;\"  data-ultimate-target='#ult-ih-list-item-2878 .ult-ih-heading'  data-responsive-json-new='{\"font-size\":\"desktop:22px;\",\"line-height\":\"desktop:28px;\"}' >CONSTRUCCI\u00d3N Y INFRAESTRUCTURA<\/h3>\t\t\t<\/div>\t\t\t<div class=\"ult-ih-divider-block\" style=\"height:1px;\">\t\t\t\t<span class=\"ult-ih-line\" style=\"border-style:solid;border-color:rgba(255,255,255,0.75);width:100px;border-width:1px;\"><\/span>\t\t\t<\/div>\t\t\t<div class=\"ult-ih-description-block\" style=\"\">\t\t\t\t<div class=\"ult-ih-description ult-responsive\" style=\"color:#bbbbbb;\"  data-ultimate-target='#ult-ih-list-item-2878 .ult-ih-description, #ult-ih-list-item-2878 .ult-ih-description p'  data-responsive-json-new='{\"font-size\":\"desktop:12px;\",\"line-height\":\"desktop:18px;\"}' >\t\t\t\t<\/div>\t\t\t<\/div>\t<\/div>\t<\/div><\/div><\/div><\/a><\/li>\t<\/ul><\/div>[\/vc_column][vc_column width=&#8221;1\/4&#8243;]<div class=\"ult-ih-container ult-adjust-bottom-margin  \" >\t<ul class=\"ult-ih-list \"  data-shape=\"circle\"  data-width=\"250\"  data-height=\"250\"  style=\"text-align:center; \"><li id=\"ult-ih-list-item-4900\" class=\"ult-ih-list-item\" style=\"height: 250px; width: 250px;  margin: 15px\"><a class=\"ult-ih-link\" href=\"https:\/\/eterniumconstructora.com\/?page_id=696\" title=\"Services\"  ><div style=\"height: 250px; width: 250px; \" class=\"ult-ih-item ult-ih-effect1    ult-ih-top_to_bottom\"><div class=\"ult-ih-image-block\" style=\"height: 250px; width: 250px; \">\t<div class=\"ult-ih-wrapper\" style=\"border-style: solid; border-color: rgba(255,255,255,0.2); border-width: 20px;\"><\/div>\t<img decoding=\"async\" class=\"ult-ih-image\" src=\"https:\/\/eterniumconstructora.com\/wp-content\/uploads\/2024\/01\/estudio-diseno-y-planeacionde-obras.jpg\" alt=\"null\"><\/div><div class=\"ult-ih-info\" >\t<div class=\"ult-ih-info-back\" style=\"background-color: rgba(0,0,0,0.75); \">\t<div class=\"ult-ih-content\">\t\t\t<div class=\"ult-ih-heading-block\" style=\"\">\t\t\t\t<h3 class=\"ult-ih-heading ult-responsive\" style=\"color:#ffffff;\"  data-ultimate-target='#ult-ih-list-item-4900 .ult-ih-heading'  data-responsive-json-new='{\"font-size\":\"desktop:22px;\",\"line-height\":\"desktop:28px;\"}' >PLANEACI\u00d3N, ESTUDIO Y DISE\u00d1O DE OBRAS CIVILES<\/h3>\t\t\t<\/div>\t\t\t<div class=\"ult-ih-divider-block\" style=\"height:1px;\">\t\t\t\t<span class=\"ult-ih-line\" style=\"border-style:solid;border-color:rgba(255,255,255,0.75);width:100px;border-width:1px;\"><\/span>\t\t\t<\/div>\t\t\t<div class=\"ult-ih-description-block\" style=\"\">\t\t\t\t<div class=\"ult-ih-description ult-responsive\" style=\"color:#bbbbbb;\"  data-ultimate-target='#ult-ih-list-item-4900 .ult-ih-description, #ult-ih-list-item-4900 .ult-ih-description p'  data-responsive-json-new='{\"font-size\":\"desktop:12px;\",\"line-height\":\"desktop:18px;\"}' >\t\t\t\t<\/div>\t\t\t<\/div>\t<\/div>\t<\/div><\/div><\/div><\/a><\/li>\t<\/ul><\/div>[\/vc_column][vc_column width=&#8221;1\/4&#8243;]<div class=\"ult-ih-container ult-adjust-bottom-margin  \" >\t<ul class=\"ult-ih-list \"  data-shape=\"circle\"  data-width=\"250\"  data-height=\"250\"  style=\"text-align:center; \"><li id=\"ult-ih-list-item-8974\" class=\"ult-ih-list-item\" style=\"height: 250px; width: 250px;  margin: 15px\"><a class=\"ult-ih-link\" href=\"https:\/\/eterniumconstructora.com\/?page_id=696\" title=\"Services\"  ><div style=\"height: 250px; width: 250px; \" class=\"ult-ih-item ult-ih-effect1    ult-ih-top_to_bottom\"><div class=\"ult-ih-image-block\" style=\"height: 250px; width: 250px; \">\t<div class=\"ult-ih-wrapper\" style=\"border-style: solid; border-color: rgba(255,255,255,0.2); border-width: 20px;\"><\/div>\t<img decoding=\"async\" class=\"ult-ih-image\" src=\"https:\/\/eterniumconstructora.com\/wp-content\/uploads\/2024\/01\/venta-de-inmuebles.jpg\" alt=\"null\"><\/div><div class=\"ult-ih-info\" >\t<div class=\"ult-ih-info-back\" style=\"background-color: rgba(0,0,0,0.75); \">\t<div class=\"ult-ih-content\">\t\t\t<div class=\"ult-ih-heading-block\" style=\"\">\t\t\t\t<h3 class=\"ult-ih-heading ult-responsive\" style=\"color:#ffffff;\"  data-ultimate-target='#ult-ih-list-item-8974 .ult-ih-heading'  data-responsive-json-new='{\"font-size\":\"desktop:22px;\",\"line-height\":\"desktop:28px;\"}' >COMPRA VENTA DE INMUBLES<\/h3>\t\t\t<\/div>\t\t\t<div class=\"ult-ih-divider-block\" style=\"height:1px;\">\t\t\t\t<span class=\"ult-ih-line\" style=\"border-style:solid;border-color:rgba(255,255,255,0.75);width:100px;border-width:1px;\"><\/span>\t\t\t<\/div>\t\t\t<div class=\"ult-ih-description-block\" style=\"\">\t\t\t\t<div class=\"ult-ih-description ult-responsive\" style=\"color:#bbbbbb;\"  data-ultimate-target='#ult-ih-list-item-8974 .ult-ih-description, #ult-ih-list-item-8974 .ult-ih-description p'  data-responsive-json-new='{\"font-size\":\"desktop:12px;\",\"line-height\":\"desktop:18px;\"}' >\t\t\t\t<\/div>\t\t\t<\/div>\t<\/div>\t<\/div><\/div><\/div><\/a><\/li>\t<\/ul><\/div>[\/vc_column][\/vc_row][vc_row][vc_column][vc_separator color=&#8221;custom&#8221; accent_color=&#8221;#eeee22&#8243; border_width=&#8221;10&#8243;][\/vc_column][\/vc_row][vc_row full_width=&#8221;stretch_row_content_no_spaces&#8221;][vc_column][ve_portfolio portfolio_columns_count=&#8221;6clm&#8221; portfolio_sortable_icons=&#8221;no&#8221;][\/vc_column][\/vc_row][vc_row][vc_column][vc_separator color=&#8221;custom&#8221; accent_color=&#8221;#eeee22&#8243; border_width=&#8221;10&#8243;][\/vc_column][\/vc_row][vc_row css=&#8221;.vc_custom_1708455731221{margin-bottom: 40px !important;}&#8221;][vc_column][vc_column_text css=&#8221;.vc_custom_1708455715072{margin-bottom: 40px !important;}&#8221;]<\/p>\n<h1 style=\"text-align: center;\"><strong>NUESTROS ALIADOS<\/strong><\/h1>\n<p>[\/vc_column_text][\/vc_column][\/vc_row][vc_row][vc_column width=&#8221;1\/2&#8243;][vc_hoverbox image=&#8221;1808&#8243; primary_title=&#8221;&#8221; hover_title=&#8221;PROTEC&#8221; hover_btn_title=&#8221;Mas informaci\u00f3n&#8221; hover_btn_color=&#8221;black&#8221; hover_add_button=&#8221;true&#8221; hover_btn_link=&#8221;url:https%3A%2F%2Feterniumconstructora.com%2F%3Fpage_id%3D1806|title:Protec&#8221;]<b>Somos una empresa especializa en dise\u00f1o, fabricaci\u00f3n, planificaci\u00f3n, provisi\u00f3n e instalaci\u00f3n llave en mano de sistemas integrados de alta seguridad.<\/b>[\/vc_hoverbox][\/vc_column][vc_column width=&#8221;1\/2&#8243;][vc_hoverbox image=&#8221;2169&#8243; primary_title=&#8221;&#8221; hover_title=&#8221;Sentido com\u00fan&#8221; hover_btn_title=&#8221;Mas informci\u00f3n&#8221; hover_btn_color=&#8221;black&#8221; hover_add_button=&#8221;true&#8221;]Click edit button to change this text. Lorem ipsum dolor sit amet, consectetur adipiscing elit. Ut elit tellus, luctus nec ullamcorper mattis, pulvinar dapibus leo.[\/vc_hoverbox][\/vc_column][\/vc_row][vc_row][vc_column][vc_column_text][\/vc_column_text][\/vc_column][\/vc_row]<\/p>\n<\/div>","protected":false},"excerpt":{"rendered":"<p class=\"card-text\">[vc_row][vc_column width=&#8221;1\/2&#8243;][vc_column_text] [\/vc_column_text][vc_column_text css=&#8221;.vc_custom_1708456007850{margin-top: 60px !important;}&#8221;] Somos una organizaci\u00f3n con gran experiencia en la capital industrial de Colombia, debido a que lleva m\u00e1s de 10 a\u00f1os suministrando servicio de INGENIERIA importantes entidades comerciales, residenciales, Debidamente autorizada para su funcionamiento, mediante resoluci\u00f3n de la de la c\u00e1mara de comercio de Medell\u00edn [\/vc_column_text][\/vc_column][vc_column width=&#8221;1\/2&#8243;][vc_gmaps link=&#8221;#E-8_JTNDaWZyYW1lJTIwc3JjJTNEJTIyaHR0cHMlM0ElMkYlMkZ3d3cuZ29vZ2xlLmNvbSUyRm1hcHMlMkZlbWJlZCUzRnBiJTNEJTIxMW0xOCUyMTFtMTIlMjExbTMlMjExZDM5NjYuMTU4NjE1NjQ1NzMlMjEyZC03NS41OTk1MjcxMjQyODc3JTIxM2Q2LjI0MjgxNjYyNjM1OTk3NSUyMTJtMyUyMTFmMCUyMTJmMCUyMTNmMCUyMTNtMiUyMTFpMTAyNCUyMTJpNzY4JTIxNGYxMy4xJTIxM20zJTIxMW0yJTIxMXMweDhlNDQyOWEyMGQ0MThiZmIlMjUzQTB4ODMzYzZjODY3NDU3MTdlZSUyMTJzQ3JhLiUyNTIwNzYlMjUyMCUyNTIzMzUtMzclMjUyQyUyNTIwTGF1cmVsZXMlMjUyMC0lMjUyMEVzdGFkaW8lMjUyQyUyNTIwTWVkZWxsJTI1QzMlMjVBRG4lMjUyQyUyNTIwTGF1cmVsZXMlMjUyQyUyNTIwTWVkZWxsJTI1QzMlMjVBRG4lMjUyQyUyNTIwQW50aW9xdWlhJTIxNWUwJTIxM20yJTIxMXNlcy00MTklMjEyc2NvJTIxNHYxNzA4NDU0MzM4OTYzJTIxNW0yJTIxMXNlcy00MTklMjEyc2NvJTIyJTIwd2lkdGglM0QlMjI2MDAlMjIlMjBoZWlnaHQlM0QlMjI0NTAlMjIlMjBzdHlsZSUzRCUyMmJvcmRlciUzQTAlM0IlMjIlMjBhbGxvd2Z1bGxzY3JlZW4lM0QlMjIlMjIlMjBsb2FkaW5nJTNEJTIybGF6eSUyMiUyMHJlZmVycmVycG9saWN5JTNEJTIybm8tcmVmZXJyZXItd2hlbi1kb3duZ3JhZGUlMjIlM0UlM0MlMkZpZnJhbWUlM0U=&#8221;][\/vc_column][\/vc_row][vc_row][vc_column][vc_separator color=&#8221;custom&#8221; accent_color=&#8221;#eeee22&#8243; [&#8230;]<\/p>\n<p class=\"m-0\"><a class=\"btn btn-outline-secondary btn-read-more\" href=\"https:\/\/eterniumconstructora.com\/\">Read More<\/a><\/p>\n","protected":false},"author":1,"featured_media":0,"parent":0,"menu_order":0,"comment_status":"closed","ping_status":"closed","template":"","meta":{"footnotes":""},"class_list":["post-647","page","type-page","status-publish","hentry"],"_links":{"self":[{"href":"https:\/\/eterniumconstructora.com\/index.php?rest_route=\/wp\/v2\/pages\/647","targetHints":{"allow":["GET"]}}],"collection":[{"href":"https:\/\/eterniumconstructora.com\/index.php?rest_route=\/wp\/v2\/pages"}],"about":[{"href":"https:\/\/eterniumconstructora.com\/index.php?rest_route=\/wp\/v2\/types\/page"}],"author":[{"embeddable":true,"href":"https:\/\/eterniumconstructora.com\/index.php?rest_route=\/wp\/v2\/users\/1"}],"replies":[{"embeddable":true,"href":"https:\/\/eterniumconstructora.com\/index.php?rest_route=%2Fwp%2Fv2%2Fcomments&post=647"}],"version-history":[{"count":44,"href":"https:\/\/eterniumconstructora.com\/index.php?rest_route=\/wp\/v2\/pages\/647\/revisions"}],"predecessor-version":[{"id":2438,"href":"https:\/\/eterniumconstructora.com\/index.php?rest_route=\/wp\/v2\/pages\/647\/revisions\/2438"}],"wp:attachment":[{"href":"https:\/\/eterniumconstructora.com\/index.php?rest_route=%2Fwp%2Fv2%2Fmedia&parent=647"}],"curies":[{"name":"wp","href":"https:\/\/api.w.org\/{rel}","templated":true}]}}