{"id":696,"date":"2017-11-23T18:36:33","date_gmt":"2017-11-23T18:36:33","guid":{"rendered":"http:\/\/theme.visualmodo.com\/construction\/?page_id=696"},"modified":"2024-06-04T20:55:09","modified_gmt":"2024-06-04T20:55:09","slug":"services","status":"publish","type":"page","link":"https:\/\/eterniumconstructora.com\/?page_id=696","title":{"rendered":"Services"},"content":{"rendered":"<div class=\"wpb-content-wrapper\"><p>[vc_row full_width=&#8221;stretch_row&#8221; full_height=&#8221;yes&#8221; bg_type=&#8221;u_iframe&#8221; u_video_url=&#8221;https:\/\/www.youtube.com\/watch?v=gZo1TtiX1WU&#8221; video_opts=&#8221;loop,muted&#8221; video_poster=&#8221;id^489|url^http:\/\/theme.visualmodo.com\/construction\/wp-content\/uploads\/sites\/42\/2017\/11\/construction-building-wordpress-theme.jpg|caption^null|alt^null|title^construction building wordpress theme|description^null&#8221; enable_overlay=&#8221;enable_overlay_value&#8221; overlay_color=&#8221;rgba(0,0,0,0.71)&#8221;][vc_column width=&#8221;3\/4&#8243;][vc_column_text][\/vc_column_text][vc_column_text]<\/p>\n<h1><strong><span style=\"color: #ffffff;\">CONSTRUCTORES Y CONTRATISTAS DESDE 2013<\/span><\/strong><\/h1>\n<p>[\/vc_column_text]<div class=\" vc_custom_1706478909626 ubtn-ctn-center \"><a class=\"ubtn-link ult-adjust-bottom-margin ubtn-center ubtn-small \" href=\"https:\/\/eterniumconstructora.com\/?page_id=647\" target=\"_blank\" rel=\"noopener\" ><button type=\"button\" id=\"ubtn-4274\"  class=\"ubtn ult-adjust-bottom-margin ult-responsive ubtn-small ubtn-no-hover-bg  none  ubtn-center   tooltip-69d4297d8f347\"  data-hover=\"#000000\" data-border-color=\"#ffffff\" data-bg=\"\" data-hover-bg=\"#ffffff\" data-border-hover=\"#000000\" data-shadow-hover=\"\" data-shadow-click=\"none\" data-shadow=\"\" data-shd-shadow=\"\"  data-ultimate-target='#ubtn-4274'  data-responsive-json-new='{\"font-size\":\"desktop:14px;\",\"line-height\":\"\"}'  style=\"font-weight:normal;border-radius:1px;border-width:1px;border-color:#ffffff;border-style:solid;color: #ffffff;\"><span class=\"ubtn-hover\" style=\"background-color:#ffffff\"><\/span><span class=\"ubtn-data ubtn-text \" >Proyectos<\/span><\/button><\/a><\/div>[\/vc_column][vc_column width=&#8221;1\/4&#8243;][vc_single_image image=&#8221;1624&#8243; img_size=&#8221;full&#8221; alignment=&#8221;center&#8221; style=&#8221;vc_box_rounded&#8221; css=&#8221;.vc_custom_1708447619589{padding-left: 10px !important;}&#8221;][\/vc_column][\/vc_row][vc_row css=&#8221;.vc_custom_1511461191342{padding-top: 45px !important;}&#8221;][vc_column width=&#8221;1\/3&#8243;][ve_icon icon_color=&#8221;custom&#8221; icon_alignment=&#8221;center&#8221; icon=&#8221;buildings-svg_home-8&#8243; icon_size=&#8221;58px&#8221; custom_icon_color=&#8221;#000000&#8243;][vc_empty_space height=&#8221;10&#8243;][vc_column_text]<\/p>\n<h4 class=\"box-header\" style=\"text-align: center;\"><strong>POLITICA DE SERVICIO<\/strong><\/h4>\n<p style=\"text-align: justify;\">Prestar servicios integrados de ingenieria y construcci\u00f3n de obras civiles que nos permita satisfacer las necesidades de nuestros clientes.<\/p>\n<p>[\/vc_column_text]<div class=\" ubtn-ctn-center \"><a class=\"ubtn-link ult-adjust-bottom-margin ubtn-center ubtn-small \" href=\"https:\/\/eterniumconstructora.com\/?page_id=720\" target=\"_blank\" rel=\"noopener\" ><button type=\"button\" id=\"ubtn-2322\"  class=\"ubtn ult-adjust-bottom-margin ult-responsive ubtn-small ubtn-fade-bg  none  ubtn-center   tooltip-69d4297d8f4e1\"  data-hover=\"#ffffff\" data-border-color=\"\" data-bg=\"#ffffff\" data-hover-bg=\"#fab702\" data-border-hover=\"\" data-shadow-hover=\"\" data-shadow-click=\"none\" data-shadow=\"\" data-shd-shadow=\"\"  data-ultimate-target='#ubtn-2322'  data-responsive-json-new='{\"font-size\":\"\",\"line-height\":\"\"}'  style=\"font-weight:normal;border-radius:3px;border-width:1px;border-color:;border-style:solid;background: #ffffff;color: #000000;\"><span class=\"ubtn-hover\" style=\"background-color:#fab702\"><\/span><span class=\"ubtn-data ubtn-text \" >M\u00e1s informaci\u00f3n<\/span><\/button><\/a><\/div>[\/vc_column][vc_column width=&#8221;1\/3&#8243;][ve_icon icon_color=&#8221;custom&#8221; icon_alignment=&#8221;center&#8221; icon=&#8221;buildings-svg_factory&#8221; icon_size=&#8221;58px&#8221; custom_icon_color=&#8221;#000000&#8243;][vc_empty_space height=&#8221;10&#8243;][vc_column_text]<\/p>\n<h4 class=\"box-header\" style=\"text-align: center;\"><strong>LOS MEJORES MATERIALES<\/strong><\/h4>\n<p style=\"text-align: justify;\">Hacemos un exigente proceso de selecci\u00f3n y capacitaci\u00f3n logrando tener los\u00a0 mejores profesionales para ofrecer a nuestros clientes un eficiente servicio, con exactitud en el cumplimiento de normas t\u00e9cnicas, gran responsabilidad en los procedimientos para la construcci\u00f3n.<\/p>\n<p>[\/vc_column_text]<div class=\" ubtn-ctn-center \"><a class=\"ubtn-link ult-adjust-bottom-margin ubtn-center ubtn-small \" href=\"https:\/\/eterniumconstructora.com\/?page_id=720\" target=\"_blank\" rel=\"noopener\" ><button type=\"button\" id=\"ubtn-9205\"  class=\"ubtn ult-adjust-bottom-margin ult-responsive ubtn-small ubtn-fade-bg  none  ubtn-center   tooltip-69d4297d8f57e\"  data-hover=\"#ffffff\" data-border-color=\"\" data-bg=\"#ffffff\" data-hover-bg=\"#fab702\" data-border-hover=\"\" data-shadow-hover=\"\" data-shadow-click=\"none\" data-shadow=\"\" data-shd-shadow=\"\"  data-ultimate-target='#ubtn-9205'  data-responsive-json-new='{\"font-size\":\"\",\"line-height\":\"\"}'  style=\"font-weight:normal;border-radius:3px;border-width:1px;border-color:;border-style:solid;background: #ffffff;color: #000000;\"><span class=\"ubtn-hover\" style=\"background-color:#fab702\"><\/span><span class=\"ubtn-data ubtn-text \" >M\u00e1s informaci\u00f3n<\/span><\/button><\/a><\/div>[\/vc_column][vc_column width=&#8221;1\/3&#8243;][ve_icon icon_color=&#8221;custom&#8221; icon_alignment=&#8221;center&#8221; icon=&#8221;buildings-svg_building-7&#8243; icon_size=&#8221;58px&#8221; custom_icon_color=&#8221;#000000&#8243;][vc_empty_space height=&#8221;10&#8243;][vc_column_text]<\/p>\n<h4 class=\"box-header\" style=\"text-align: center;\"><strong>POL\u00cdTICA DE CALIDAD<\/strong><\/h4>\n<p style=\"text-align: justify;\">Asegurar el cumplimiento de todas y cada y una de las normas t\u00e9cnicas aplicables en cada una de las etapas del proceso constructivo.<\/p>\n<p>[\/vc_column_text]<div class=\" ubtn-ctn-center \"><a class=\"ubtn-link ult-adjust-bottom-margin ubtn-center ubtn-small \" href=\"https:\/\/eterniumconstructora.com\/?page_id=720\" target=\"_blank\" rel=\"noopener\" ><button type=\"button\" id=\"ubtn-9937\"  class=\"ubtn ult-adjust-bottom-margin ult-responsive ubtn-small ubtn-fade-bg  none  ubtn-center   tooltip-69d4297d8f612\"  data-hover=\"#ffffff\" data-border-color=\"\" data-bg=\"#ffffff\" data-hover-bg=\"#fab702\" data-border-hover=\"\" data-shadow-hover=\"\" data-shadow-click=\"none\" data-shadow=\"\" data-shd-shadow=\"\"  data-ultimate-target='#ubtn-9937'  data-responsive-json-new='{\"font-size\":\"\",\"line-height\":\"\"}'  style=\"font-weight:normal;border-radius:3px;border-width:1px;border-color:;border-style:solid;background: #ffffff;color: #000000;\"><span class=\"ubtn-hover\" style=\"background-color:#fab702\"><\/span><span class=\"ubtn-data ubtn-text \" >M\u00e1s informaci\u00f3n<\/span><\/button><\/a><\/div>[\/vc_column][\/vc_row][vc_row full_width=&#8221;stretch_row&#8221;][vc_column][vc_column_text css_animation=&#8221;fadeInUp&#8221;]<\/p>\n<hr \/>\n<p>[\/vc_column_text][vc_column_text][\/vc_column_text][\/vc_column][\/vc_row][vc_row full_width=&#8221;stretch_row&#8221; css=&#8221;.vc_custom_1706580792142{padding-top: 0px !important;}&#8221;][vc_column width=&#8221;1\/6&#8243;][\/vc_column][vc_column width=&#8221;2\/3&#8243;][vc_column_text css_animation=&#8221;fadeInUp&#8221;]<\/p>\n<h1 style=\"text-align: center;\"><strong>SERVICIOS<\/strong><\/h1>\n<p>[\/vc_column_text][vc_column_text]<\/p>\n<p style=\"text-align: center;\">Prestamos de servicios de ingenier\u00eda, infraestructura y proyectos de construcci\u00f3n<\/p>\n<p>[\/vc_column_text][\/vc_column][vc_column width=&#8221;1\/6&#8243;][\/vc_column][\/vc_row][vc_row full_width=&#8221;stretch_row&#8221;][vc_column][vc_single_image image=&#8221;1273&#8243; alignment=&#8221;center&#8221; style=&#8221;vc_box_circle&#8221;][vc_column_text]<\/p>\n<h2 style=\"text-align: center;\"><strong>INGENIERIA Y OBRAS CIVILES<\/strong><\/h2>\n<p>[\/vc_column_text][vc_column_text css=&#8221;.vc_custom_1710810299649{margin-top: 25px !important;}&#8221;]<\/p>\n<p style=\"text-align: center;\">Evaluamos, desarrollamos y planificamos proyectos, mejoras y remodelaciones de obras de civiles.<\/p>\n<p>[\/vc_column_text][\/vc_column][\/vc_row][vc_row full_width=&#8221;stretch_row&#8221;][vc_column css=&#8221;.vc_custom_1706560539897{border-top-width: 20px !important;}&#8221;][vc_single_image image=&#8221;1269&#8243; alignment=&#8221;center&#8221; style=&#8221;vc_box_circle&#8221;][vc_column_text css_animation=&#8221;fadeInUp&#8221;]<\/p>\n<h2 style=\"text-align: center;\"><strong>CONSTRUCCION Y INFRAESTRUCTURA<\/strong><\/h2>\n<p>[\/vc_column_text][vc_column_text css=&#8221;.vc_custom_1710810285705{margin-top: 25px !important;}&#8221;]<\/p>\n<p style=\"text-align: center;\">Evaluaci\u00f3n, planeaci\u00f3n, ejecuci\u00f3n, monitoreo y control de proyectos constructivos para sectores p\u00fablico y privado.<\/p>\n<p>[\/vc_column_text][\/vc_column][\/vc_row][vc_row full_width=&#8221;stretch_row&#8221;][vc_column css=&#8221;.vc_custom_1706560553808{border-top-width: 20px !important;}&#8221;][vc_single_image image=&#8221;1272&#8243; alignment=&#8221;center&#8221; style=&#8221;vc_box_circle&#8221;][vc_column_text]<\/p>\n<h2 style=\"text-align: center;\"><strong>COMPRA VENTA DE INMUBLES<\/strong><\/h2>\n<p>[\/vc_column_text][vc_column_text css=&#8221;.vc_custom_1710810275665{margin-top: 25px !important;}&#8221;]<\/p>\n<p style=\"text-align: center;\">Comercializamos inmuebles comerciales, vivienda y recre nuevos y de segunda.<\/p>\n<p>[\/vc_column_text][\/vc_column][\/vc_row][vc_row full_width=&#8221;stretch_row&#8221;][vc_column css=&#8221;.vc_custom_1706560592880{margin-bottom: 40px !important;padding-top: 20px !important;}&#8221;][vc_single_image image=&#8221;1270&#8243; alignment=&#8221;center&#8221; style=&#8221;vc_box_circle&#8221;][vc_column_text]<\/p>\n<h2 style=\"text-align: center;\"><strong>PLANEACI\u00d3N, ESTUDIO Y DISE\u00d1O DE OBRAS CIVILES<\/strong><\/h2>\n<p>[\/vc_column_text][vc_column_text css=&#8221;.vc_custom_1710810266224{margin-top: 25px !important;}&#8221;]<\/p>\n<p style=\"text-align: center;\">Estudios de factibilidad, dise\u00f1o\u00a0preliminar y final, realizaci\u00f3n de presupuestos, contrataci\u00f3n y consultor\u00eda para proyectos de construcci\u00f3n<\/p>\n<p>[\/vc_column_text][\/vc_column][\/vc_row][vc_row full_width=&#8221;stretch_row_content_no_spaces&#8221; equal_height=&#8221;yes&#8221; css=&#8221;.vc_custom_1708389085318{margin-top: 40px !important;margin-bottom: 50px !important;background-color: #181818 !important;}&#8221;][vc_column width=&#8221;1\/4&#8243; css=&#8221;.vc_custom_1511462135019{padding-top: 43% !important;padding-right: 80px !important;padding-left: 80px !important;}&#8221;][vc_column_text]<\/p>\n<h2 style=\"text-align: center;\"><span style=\"color: #ffffff;\">NUESTROS PROYECTOS<\/span><\/h2>\n<p>[\/vc_column_text][\/vc_column][vc_column width=&#8221;3\/4&#8243; css=&#8221;.vc_custom_1511461119077{margin-top: 0px !important;margin-bottom: 0px !important;border-top-width: 0px !important;border-bottom-width: 0px !important;padding-top: 0px !important;padding-bottom: 0px !important;}&#8221;][ve_portfolio portfolio_columns_count=&#8221;3clm&#8221; portfolio_item_no_space=&#8221;yes&#8221; portfolio_sortable_mode=&#8221;no&#8221; portfolio_post_number=&#8221;6&#8243; css=&#8221;.vc_custom_1511461703532{margin-top: 0px !important;margin-bottom: 0px !important;border-top-width: 0px !important;border-bottom-width: 0px !important;padding-top: 0px !important;padding-right: 0px !important;padding-bottom: 0px !important;padding-left: 0px !important;background-color: #181818 !important;}&#8221;][\/vc_column][\/vc_row]<\/p>\n<\/div>","protected":false},"excerpt":{"rendered":"<p class=\"card-text\">[vc_row full_width=&#8221;stretch_row&#8221; full_height=&#8221;yes&#8221; bg_type=&#8221;u_iframe&#8221; u_video_url=&#8221;https:\/\/www.youtube.com\/watch?v=gZo1TtiX1WU&#8221; video_opts=&#8221;loop,muted&#8221; video_poster=&#8221;id^489|url^http:\/\/theme.visualmodo.com\/construction\/wp-content\/uploads\/sites\/42\/2017\/11\/construction-building-wordpress-theme.jpg|caption^null|alt^null|title^construction building wordpress theme|description^null&#8221; enable_overlay=&#8221;enable_overlay_value&#8221; overlay_color=&#8221;rgba(0,0,0,0.71)&#8221;][vc_column width=&#8221;3\/4&#8243;][vc_column_text][\/vc_column_text][vc_column_text] CONSTRUCTORES Y CONTRATISTAS DESDE 2013 [\/vc_column_text][\/vc_column][vc_column width=&#8221;1\/4&#8243;][vc_single_image image=&#8221;1624&#8243; img_size=&#8221;full&#8221; alignment=&#8221;center&#8221; style=&#8221;vc_box_rounded&#8221; css=&#8221;.vc_custom_1708447619589{padding-left: 10px !important;}&#8221;][\/vc_column][\/vc_row][vc_row css=&#8221;.vc_custom_1511461191342{padding-top: 45px !important;}&#8221;][vc_column width=&#8221;1\/3&#8243;][ve_icon icon_color=&#8221;custom&#8221; icon_alignment=&#8221;center&#8221; icon=&#8221;buildings-svg_home-8&#8243; icon_size=&#8221;58px&#8221; custom_icon_color=&#8221;#000000&#8243;][vc_empty_space height=&#8221;10&#8243;][vc_column_text] POLITICA DE SERVICIO Prestar servicios integrados de ingenieria y construcci\u00f3n de obras civiles que nos permita satisfacer las [&#8230;]<\/p>\n<p class=\"m-0\"><a class=\"btn btn-outline-secondary btn-read-more\" href=\"https:\/\/eterniumconstructora.com\/?page_id=696\">Read More<\/a><\/p>\n","protected":false},"author":1,"featured_media":0,"parent":0,"menu_order":0,"comment_status":"closed","ping_status":"closed","template":"","meta":{"footnotes":""},"class_list":["post-696","page","type-page","status-publish","hentry"],"_links":{"self":[{"href":"https:\/\/eterniumconstructora.com\/index.php?rest_route=\/wp\/v2\/pages\/696","targetHints":{"allow":["GET"]}}],"collection":[{"href":"https:\/\/eterniumconstructora.com\/index.php?rest_route=\/wp\/v2\/pages"}],"about":[{"href":"https:\/\/eterniumconstructora.com\/index.php?rest_route=\/wp\/v2\/types\/page"}],"author":[{"embeddable":true,"href":"https:\/\/eterniumconstructora.com\/index.php?rest_route=\/wp\/v2\/users\/1"}],"replies":[{"embeddable":true,"href":"https:\/\/eterniumconstructora.com\/index.php?rest_route=%2Fwp%2Fv2%2Fcomments&post=696"}],"version-history":[{"count":26,"href":"https:\/\/eterniumconstructora.com\/index.php?rest_route=\/wp\/v2\/pages\/696\/revisions"}],"predecessor-version":[{"id":2181,"href":"https:\/\/eterniumconstructora.com\/index.php?rest_route=\/wp\/v2\/pages\/696\/revisions\/2181"}],"wp:attachment":[{"href":"https:\/\/eterniumconstructora.com\/index.php?rest_route=%2Fwp%2Fv2%2Fmedia&parent=696"}],"curies":[{"name":"wp","href":"https:\/\/api.w.org\/{rel}","templated":true}]}}