{"id":720,"date":"2017-11-23T20:25:58","date_gmt":"2017-11-23T20:25:58","guid":{"rendered":"http:\/\/theme.visualmodo.com\/construction\/?page_id=720"},"modified":"2024-06-04T17:44:17","modified_gmt":"2024-06-04T17:44:17","slug":"about","status":"publish","type":"page","link":"https:\/\/eterniumconstructora.com\/?page_id=720","title":{"rendered":"About"},"content":{"rendered":"<div class=\"wpb-content-wrapper\"><p>[vc_row full_width=&#8221;stretch_row&#8221; gap=&#8221;35&#8243; full_height=&#8221;yes&#8221; content_placement=&#8221;top&#8221; bg_type=&#8221;image&#8221; parallax_style=&#8221;vcpb-default&#8221; bg_image_new=&#8221;id^2086|url^https:\/\/eterniumconstructora.com\/wp-content\/uploads\/2024\/03\/construction-wordpress-theme-about-us-1536&#215;701-1.jpg|caption^null|alt^null|title^construction-wordpress-theme-about-us-1536&#215;701|description^null&#8221; bg_image_repeat=&#8221;no-repeat&#8221; css=&#8221;.vc_custom_1710728998366{background-image: url(https:\/\/eterniumconstructora.com\/wp-content\/uploads\/2024\/03\/construction-wordpress-theme-about-us-1536&#215;701-1.jpg?id=2082) !important;background-position: center !important;background-repeat: no-repeat !important;background-size: contain !important;}&#8221;][vc_column width=&#8221;1\/6&#8243;][vc_column_text][\/vc_column_text][\/vc_column][vc_column width=&#8221;1\/6&#8243;][\/vc_column][vc_column width=&#8221;1\/6&#8243;][\/vc_column][vc_column width=&#8221;1\/2&#8243; css=&#8221;.vc_custom_1710729091367{margin-left: 100px !important;border-left-width: 100px !important;padding-left: 200px !important;background-position: center !important;background-repeat: no-repeat !important;background-size: cover !important;}&#8221;][vc_single_image image=&#8221;2081&#8243; img_size=&#8221;full&#8221; alignment=&#8221;center&#8221; css=&#8221;.vc_custom_1710728747750{padding-left: 0px !important;}&#8221;][vc_column_text css=&#8221;.vc_custom_1710467250732{margin-right: -50px !important;margin-left: -50px !important;background-position: 0 0 !important;background-repeat: no-repeat !important;}&#8221;]<\/p>\n<h4 style=\"text-align: justify;\">Somos una organizaci\u00f3n con gran experiencia en la capital industrial de Colombia, debido a que lleva m\u00e1s de 10 a\u00f1os suministrando servicio de INGENIERIA importantes entidades comerciales, residenciales, legalmente constituidos como Sociedad Comercial y dirigida con un equipo de profesionales, quienes tienen como objetivo primordial trabajar con toda la eficiencia, lealtad y honestidad que corresponde a la dignidad y pujanza Antioque\u00f1a.<\/h4>\n<p>[\/vc_column_text][\/vc_column][\/vc_row][vc_row full_width=&#8221;stretch_row&#8221; equal_height=&#8221;yes&#8221; css=&#8221;.vc_custom_1710467927854{margin-left: 200px !important;padding-top: 35px !important;}&#8221;][vc_column width=&#8221;3\/4&#8243;][ve_infobox icon_color=&#8221;custom&#8221; style=&#8221;row&#8221; alignment=&#8221;center&#8221; title_tag=&#8221;h2&#8243; title=&#8221;VISI\u00d3N&#8221; icon=&#8221;buildings-svg_building-4&#8243; icon_size=&#8221;6rem&#8221; icon_gap=&#8221;-2rem 5rem 0 0&#8243; custom_icon_color=&#8221;#000000&#8243; title_color=&#8221;#000000&#8243;]<\/p>\n<p style=\"text-align: justify;\">Consolidar nuestra organizaci\u00f3n como alternativa para prestaci\u00f3n de \u00f3ptimos\u00a0 servicios de ingenier\u00eda y construcciones civiles : personalizados, t\u00e9cnica y tecnol\u00f3gicamente seguros competentes, humanos y responsables, a nivel nacional.<\/p>\n<p>[\/ve_infobox][ve_infobox icon_color=&#8221;custom&#8221; style=&#8221;row&#8221; alignment=&#8221;center&#8221; title_tag=&#8221;h2&#8243; title=&#8221;MISI\u00d3N&#8221; icon=&#8221;buildings-svg_home-8&#8243; icon_size=&#8221;6rem&#8221; icon_gap=&#8221;-2rem 5rem 0 0&#8243; custom_icon_color=&#8221;#000000&#8243; title_color=&#8221;#000000&#8243;]<\/p>\n<p style=\"text-align: justify;\">Somos una empresa comprometida con la satisfacci\u00f3n de nuestros clientes a trav\u00e9s de la prestaci\u00f3n de servicios de ingenier\u00eda y construcciones civiles, respetando Las Normas T\u00e9cnicas, \u00a0los derechos humanos, el medio ambiente, los intereses de las partes comprometidas, buscando la prosperidad y la responsabilidad social empresarial<\/p>\n<p>[\/ve_infobox][ve_infobox icon_color=&#8221;custom&#8221; style=&#8221;row&#8221; alignment=&#8221;center&#8221; title_tag=&#8221;h2&#8243; title=&#8221;VALORES CORPORATIVOS&#8221; icon=&#8221;buildings-svg_skyscrapers-3&#8243; icon_size=&#8221;6rem&#8221; icon_gap=&#8221;-0rem 5rem 0 0&#8243; custom_icon_color=&#8221;#000000&#8243; title_color=&#8221;#000000&#8243;]<\/p>\n<ul>\n<li>Honestidad y Transparencia<\/li>\n<li>Vocaci\u00f3n de servicio al cliente<\/li>\n<li>Compromiso y Cumplimiento<\/li>\n<li>Responsabilidad<\/li>\n<li>Respeto<\/li>\n<li>Calidad<\/li>\n<li>Actitud<\/li>\n<\/ul>\n<p>[\/ve_infobox][\/vc_column][\/vc_row][vc_row css=&#8221;.vc_custom_1511468560034{padding-top: 55px !important;padding-bottom: 15px !important;}&#8221;][vc_column width=&#8221;1\/6&#8243;][\/vc_column][vc_column width=&#8221;2\/3&#8243;][vc_column_text]<\/p>\n<h3 style=\"font-size: 30px; line-height: 44px !important; text-align: center; color: #fff;\"><span style=\"color: #000000;\"><strong>NUESTRO OBJETO SOCIAL<\/strong><\/span><\/h3>\n<p>[\/vc_column_text][vc_column_text]<\/p>\n<p style=\"text-align: justify;\">Tenemos por objeto social la prestaci\u00f3n de servicios de ingenier\u00eda , proyectos de construcci\u00f3n e infraestructura\u00a0 propios y ajenos, compra\u00a0 venta de inmuebles , estudio, dise\u00f1o, planeaci\u00f3n,\u00a0 contrataci\u00f3n y ejecuci\u00f3n de toda clase\u00a0 de edificaciones , obras civiles y bienes inmuebles en general.<\/p>\n<p>[\/vc_column_text][\/vc_column][vc_column width=&#8221;1\/6&#8243;][\/vc_column][\/vc_row][vc_row][vc_column width=&#8221;1\/6&#8243;]<div class=\"ult-team-member-wrap ult-style-3  \"><a href=\"httpseterniumconstructora.compage_id2116\" title=\"HOJADEVIDAGERENTECEO\" ><div class=\"ult-team-member-image ultimate-heading69d42968bd673\" style=\"; background-color:inherit\" data-hover_opacity=\"0.1\" > <img decoding=\"async\" class=\"\" src=\"https:\/\/eterniumconstructora.com\/wp-content\/uploads\/2024\/03\/FOTO-GERENTE-GENERAL.jpg\" alt=\"null\" ><span class=\"ult-team-member-image-overlay \"  ><\/span><div class=\"ult-team-member-description ult-responsive\"  data-ultimate-target='.ult-team-member-image.ultimate-heading69d42968bd673 .ult-team-member-description'  data-responsive-json-new='{\"font-size\":\"\",\"line-height\":\"\"}'  style=\"; text-align:center;; \"><p><span style=\"vertical-align: inherit;\"><span style=\"vertical-align: inherit;\">28 A\u00f1os<\/span><\/span><\/p><\/div><\/div><\/a><div class=\"ult-team-member-bio-wrap style-3 ultimate-heading69d42968bd673\" style=\"text-align:center;; \"><div class=\"ult-team-member-name-wrap\"><a href=\"http:\/\/httpseterniumconstructora.compage_id2116\" title=\"HOJADEVIDAGERENTECEO\"  style=\"text-decoration: none;\" ><h2 class=\"ult-team-member-name ult-responsive\"  data-ultimate-target='.ult-team-member-bio-wrap.ultimate-heading69d42968bd673 .ult-team-member-name'  data-responsive-json-new='{\"font-size\":\"\",\"line-height\":\"\"}'  style=\"\">ING JULIAN RENDON<\/h2><\/a><div class=\"ult-team-member-position ult-responsive\"  data-ultimate-target='.ult-team-member-bio-wrap.ultimate-heading69d42968bd673 .ult-team-member-position'  data-responsive-json-new='{\"font-size\":\"\",\"line-height\":\"\"}'  style=\"\">GERENTE - CEO<\/div><div style=\"margin-bottom:15px\"><\/div><\/div><\/div><\/div>[\/vc_column][vc_column width=&#8221;1\/6&#8243;]<div class=\"ult-team-member-wrap ult-style-3  \"><div class=\"ult-team-member-image ultimate-heading69d42968bd913\" style=\"; background-color:inherit\" data-hover_opacity=\"0.1\" > <img decoding=\"async\" class=\"\" src=\"https:\/\/eterniumconstructora.com\/wp-content\/uploads\/2024\/03\/FOTO-G-ADMINISTRATIVA.jpg\" alt=\"null\" ><span class=\"ult-team-member-image-overlay \"  ><\/span><div class=\"ult-team-member-description ult-responsive\"  data-ultimate-target='.ult-team-member-image.ultimate-heading69d42968bd913 .ult-team-member-description'  data-responsive-json-new='{\"font-size\":\"\",\"line-height\":\"\"}'  style=\"; text-align:center;; \"><p><span style=\"vertical-align: inherit;\"><span style=\"vertical-align: inherit;\">10 a\u00f1os<\/span><\/span><\/p><\/div><\/div><div class=\"ult-team-member-bio-wrap style-3 ultimate-heading69d42968bd913\" style=\"text-align:center;; \"><div class=\"ult-team-member-name-wrap\"><h2 class=\"ult-team-member-name ult-responsive\"  data-ultimate-target='.ult-team-member-bio-wrap.ultimate-heading69d42968bd913 .ult-team-member-name'  data-responsive-json-new='{\"font-size\":\"\",\"line-height\":\"\"}'  style=\"\">MAYRA DUQUE<\/h2><div class=\"ult-team-member-position ult-responsive\"  data-ultimate-target='.ult-team-member-bio-wrap.ultimate-heading69d42968bd913 .ult-team-member-position'  data-responsive-json-new='{\"font-size\":\"\",\"line-height\":\"\"}'  style=\"\">GERENTE ADMINISTRATIVA<\/div><div style=\"margin-bottom:15px\"><\/div><\/div><\/div><\/div>[\/vc_column][vc_column width=&#8221;1\/6&#8243;]<div class=\"ult-team-member-wrap ult-style-3  \"><div class=\"ult-team-member-image ultimate-heading69d42968bdb53\" style=\"; background-color:inherit\" data-hover_opacity=\"0.1\" > <img decoding=\"async\" class=\"\" src=\"https:\/\/eterniumconstructora.com\/wp-content\/uploads\/2024\/03\/FOTO-ARQUITECTA.jpg\" alt=\"null\" ><span class=\"ult-team-member-image-overlay \"  ><\/span><div class=\"ult-team-member-description ult-responsive\"  data-ultimate-target='.ult-team-member-image.ultimate-heading69d42968bdb53 .ult-team-member-description'  data-responsive-json-new='{\"font-size\":\"\",\"line-height\":\"\"}'  style=\"; text-align:center;; \"><p><span style=\"vertical-align: inherit;\"><span style=\"vertical-align: inherit;\">15 a\u00f1os<\/span><\/span><\/p><\/div><\/div><div class=\"ult-team-member-bio-wrap style-3 ultimate-heading69d42968bdb53\" style=\"text-align:center;; \"><div class=\"ult-team-member-name-wrap\"><h2 class=\"ult-team-member-name ult-responsive\"  data-ultimate-target='.ult-team-member-bio-wrap.ultimate-heading69d42968bdb53 .ult-team-member-name'  data-responsive-json-new='{\"font-size\":\"\",\"line-height\":\"\"}'  style=\"\">N.N<\/h2><div class=\"ult-team-member-position ult-responsive\"  data-ultimate-target='.ult-team-member-bio-wrap.ultimate-heading69d42968bdb53 .ult-team-member-position'  data-responsive-json-new='{\"font-size\":\"\",\"line-height\":\"\"}'  style=\"\">ARQUITECTA<\/div><div style=\"margin-bottom:15px\"><\/div><\/div><\/div><\/div>[\/vc_column][vc_column width=&#8221;1\/6&#8243;]<div class=\"ult-team-member-wrap ult-style-3  \"><a href=\"httpseterniumconstructora.compage_id2096\" title=\"HOJADEVIDARESIDENTE\" ><div class=\"ult-team-member-image ultimate-heading69d42968bdd82\" style=\"; background-color:inherit\" data-hover_opacity=\"0.1\" > <img decoding=\"async\" class=\"\" src=\"https:\/\/eterniumconstructora.com\/wp-content\/uploads\/2024\/03\/FOTO-RESIDENTE.jpg\" alt=\"null\" ><span class=\"ult-team-member-image-overlay \"  ><\/span><div class=\"ult-team-member-description ult-responsive\"  data-ultimate-target='.ult-team-member-image.ultimate-heading69d42968bdd82 .ult-team-member-description'  data-responsive-json-new='{\"font-size\":\"\",\"line-height\":\"\"}'  style=\"; text-align:center;; \"><p>2 A\u00f1os<\/p><\/div><\/div><\/a><div class=\"ult-team-member-bio-wrap style-3 ultimate-heading69d42968bdd82\" style=\"text-align:center;; \"><div class=\"ult-team-member-name-wrap\"><a href=\"http:\/\/httpseterniumconstructora.compage_id2096\" title=\"HOJADEVIDARESIDENTE\"  style=\"text-decoration: none;\" ><h2 class=\"ult-team-member-name ult-responsive\"  data-ultimate-target='.ult-team-member-bio-wrap.ultimate-heading69d42968bdd82 .ult-team-member-name'  data-responsive-json-new='{\"font-size\":\"\",\"line-height\":\"\"}'  style=\"\">YESENIA FRANCO CARMONA<\/h2><\/a><div class=\"ult-team-member-position ult-responsive\"  data-ultimate-target='.ult-team-member-bio-wrap.ultimate-heading69d42968bdd82 .ult-team-member-position'  data-responsive-json-new='{\"font-size\":\"\",\"line-height\":\"\"}'  style=\"\">ING RESIDENTE<\/div><div style=\"margin-bottom:15px\"><\/div><\/div><\/div><\/div>[\/vc_column][vc_column width=&#8221;1\/6&#8243;]<div class=\"ult-team-member-wrap ult-style-3  \"><a href=\"httpseterniumconstructora.compage_id2122\" title=\"HOJADEVIDAGERENTEOPERATIVO\" ><div class=\"ult-team-member-image ultimate-heading69d42968c0132\" style=\"; background-color:#ffffff\" data-hover_opacity=\"0.1\" > <img decoding=\"async\" class=\"\" src=\"https:\/\/eterniumconstructora.com\/wp-content\/uploads\/2024\/02\/fondo-persona-gris.jpg\" alt=\"null\" ><span class=\"ult-team-member-image-overlay \"  ><\/span><div class=\"ult-team-member-description ult-responsive\"  data-ultimate-target='.ult-team-member-image.ultimate-heading69d42968c0132 .ult-team-member-description'  data-responsive-json-new='{\"font-size\":\"\",\"line-height\":\"\"}'  style=\"; text-align:center;; \"><p>24 A\u00f1os<\/p><\/div><\/div><\/a><div class=\"ult-team-member-bio-wrap style-3 ultimate-heading69d42968c0132\" style=\"text-align:center;; \"><div class=\"ult-team-member-name-wrap\"><a href=\"http:\/\/httpseterniumconstructora.compage_id2122\" title=\"HOJADEVIDAGERENTEOPERATIVO\"  style=\"text-decoration: none;\" ><h2 class=\"ult-team-member-name ult-responsive\"  data-ultimate-target='.ult-team-member-bio-wrap.ultimate-heading69d42968c0132 .ult-team-member-name'  data-responsive-json-new='{\"font-size\":\"\",\"line-height\":\"\"}'  style=\"\">ING. JUAN DAVID RENDON<\/h2><\/a><div class=\"ult-team-member-position ult-responsive\"  data-ultimate-target='.ult-team-member-bio-wrap.ultimate-heading69d42968c0132 .ult-team-member-position'  data-responsive-json-new='{\"font-size\":\"\",\"line-height\":\"\"}'  style=\"\">GERENTE OPERATIVO<\/div><div style=\"margin-bottom:15px\"><\/div><\/div><\/div><\/div>[\/vc_column][vc_column width=&#8221;1\/6&#8243;]<div class=\"ult-team-member-wrap ult-style-3  \"><a href=\"httpseterniumconstructora.compage_id2124\" title=\"HOJADEVIDAINGENIEROCIVIL\" ><div class=\"ult-team-member-image ultimate-heading69d42968c02ef\" style=\"; background-color:#ffffff\" data-hover_opacity=\"0.1\" > <img decoding=\"async\" class=\"ult-team-grayscale\" src=\"https:\/\/eterniumconstructora.com\/wp-content\/uploads\/2024\/02\/fondo-persona-gris.jpg\" alt=\"null\" ><span class=\"ult-team-member-image-overlay \"  ><\/span><div class=\"ult-team-member-description ult-responsive\"  data-ultimate-target='.ult-team-member-image.ultimate-heading69d42968c02ef .ult-team-member-description'  data-responsive-json-new='{\"font-size\":\"\",\"line-height\":\"\"}'  style=\"; text-align:center;; \"><p>32 A\u00f1os<\/p><\/div><\/div><\/a><div class=\"ult-team-member-bio-wrap style-3 ultimate-heading69d42968c02ef\" style=\"text-align:center;; \"><div class=\"ult-team-member-name-wrap\"><a href=\"http:\/\/httpseterniumconstructora.compage_id2124\" title=\"HOJADEVIDAINGENIEROCIVIL\"  style=\"text-decoration: none;\" ><h2 class=\"ult-team-member-name ult-responsive\"  data-ultimate-target='.ult-team-member-bio-wrap.ultimate-heading69d42968c02ef .ult-team-member-name'  data-responsive-json-new='{\"font-size\":\"\",\"line-height\":\"\"}'  style=\"\">JOHN JAIRO VELEZ HEREDIA<\/h2><\/a><div class=\"ult-team-member-position ult-responsive\"  data-ultimate-target='.ult-team-member-bio-wrap.ultimate-heading69d42968c02ef .ult-team-member-position'  data-responsive-json-new='{\"font-size\":\"\",\"line-height\":\"\"}'  style=\"\">INGENIERO CIVIL<\/div><div style=\"margin-bottom:15px\"><\/div><\/div><\/div><\/div>[\/vc_column][\/vc_row][vc_row css=&#8221;.vc_custom_1511468677108{padding-bottom: 30px !important;}&#8221;][vc_column][ve_portfolio portfolio_columns_count=&#8221;3clm&#8221; portfolio_sortable_icons=&#8221;no&#8221; css_animation=&#8221;none&#8221;][\/vc_column][\/vc_row][vc_row][vc_column][ve_team][\/vc_column][\/vc_row][vc_row full_width=&#8221;stretch_row&#8221; css=&#8221;.vc_custom_1521666761795{padding-top: 35px !important;padding-bottom: 35px !important;background-color: #fab702 !important;}&#8221;][vc_column css=&#8221;.vc_custom_1511019913938{margin-top: 0px !important;margin-bottom: 0px !important;border-top-width: 0px !important;border-bottom-width: 0px !important;padding-top: 0px !important;padding-bottom: 0px !important;}&#8221;][vc_column_text css=&#8221;.vc_custom_1706799390321{margin-top: 0px !important;margin-bottom: 0px !important;border-top-width: 0px !important;border-bottom-width: 0px !important;padding-top: 0px !important;padding-bottom: 0px !important;}&#8221;]<\/p>\n<h2 style=\"text-align: center;\"><strong>Mas informaci\u00f3n<\/strong> <strong>+57 315 852 06 10<\/strong><\/h2>\n<p>[\/vc_column_text][\/vc_column][\/vc_row]<\/p>\n<\/div>","protected":false},"excerpt":{"rendered":"<p class=\"card-text\">[vc_row full_width=&#8221;stretch_row&#8221; gap=&#8221;35&#8243; full_height=&#8221;yes&#8221; content_placement=&#8221;top&#8221; bg_type=&#8221;image&#8221; parallax_style=&#8221;vcpb-default&#8221; bg_image_new=&#8221;id^2086|url^https:\/\/eterniumconstructora.com\/wp-content\/uploads\/2024\/03\/construction-wordpress-theme-about-us-1536&#215;701-1.jpg|caption^null|alt^null|title^construction-wordpress-theme-about-us-1536&#215;701|description^null&#8221; bg_image_repeat=&#8221;no-repeat&#8221; css=&#8221;.vc_custom_1710728998366{background-image: url(https:\/\/eterniumconstructora.com\/wp-content\/uploads\/2024\/03\/construction-wordpress-theme-about-us-1536&#215;701-1.jpg?id=2082) !important;background-position: center !important;background-repeat: no-repeat !important;background-size: contain !important;}&#8221;][vc_column width=&#8221;1\/6&#8243;][vc_column_text][\/vc_column_text][\/vc_column][vc_column width=&#8221;1\/6&#8243;][\/vc_column][vc_column width=&#8221;1\/6&#8243;][\/vc_column][vc_column width=&#8221;1\/2&#8243; css=&#8221;.vc_custom_1710729091367{margin-left: 100px !important;border-left-width: 100px !important;padding-left: 200px !important;background-position: center !important;background-repeat: no-repeat !important;background-size: cover !important;}&#8221;][vc_single_image image=&#8221;2081&#8243; img_size=&#8221;full&#8221; alignment=&#8221;center&#8221; css=&#8221;.vc_custom_1710728747750{padding-left: 0px !important;}&#8221;][vc_column_text css=&#8221;.vc_custom_1710467250732{margin-right: -50px !important;margin-left: -50px !important;background-position: 0 0 !important;background-repeat: no-repeat !important;}&#8221;] Somos una organizaci\u00f3n con [&#8230;]<\/p>\n<p class=\"m-0\"><a class=\"btn btn-outline-secondary btn-read-more\" href=\"https:\/\/eterniumconstructora.com\/?page_id=720\">Read More<\/a><\/p>\n","protected":false},"author":1,"featured_media":0,"parent":0,"menu_order":0,"comment_status":"closed","ping_status":"closed","template":"","meta":{"footnotes":""},"class_list":["post-720","page","type-page","status-publish","hentry"],"_links":{"self":[{"href":"https:\/\/eterniumconstructora.com\/index.php?rest_route=\/wp\/v2\/pages\/720","targetHints":{"allow":["GET"]}}],"collection":[{"href":"https:\/\/eterniumconstructora.com\/index.php?rest_route=\/wp\/v2\/pages"}],"about":[{"href":"https:\/\/eterniumconstructora.com\/index.php?rest_route=\/wp\/v2\/types\/page"}],"author":[{"embeddable":true,"href":"https:\/\/eterniumconstructora.com\/index.php?rest_route=\/wp\/v2\/users\/1"}],"replies":[{"embeddable":true,"href":"https:\/\/eterniumconstructora.com\/index.php?rest_route=%2Fwp%2Fv2%2Fcomments&post=720"}],"version-history":[{"count":39,"href":"https:\/\/eterniumconstructora.com\/index.php?rest_route=\/wp\/v2\/pages\/720\/revisions"}],"predecessor-version":[{"id":2172,"href":"https:\/\/eterniumconstructora.com\/index.php?rest_route=\/wp\/v2\/pages\/720\/revisions\/2172"}],"wp:attachment":[{"href":"https:\/\/eterniumconstructora.com\/index.php?rest_route=%2Fwp%2Fv2%2Fmedia&parent=720"}],"curies":[{"name":"wp","href":"https:\/\/api.w.org\/{rel}","templated":true}]}}